{"id":434,"date":"2021-08-05T05:53:23","date_gmt":"2021-08-05T05:53:23","guid":{"rendered":"https:\/\/demo.ecilp.eu\/?page_id=434"},"modified":"2025-11-18T08:30:20","modified_gmt":"2025-11-18T07:30:20","slug":"individuals","status":"publish","type":"page","link":"https:\/\/demo.ecilp.eu\/de\/individuals\/","title":{"rendered":"Einzelpersonen"},"content":{"rendered":"<p><img decoding=\"async\" class=\"size-medium wp-image-298 alignleft\" src=\"https:\/\/demo.ecilp.eu\/wp-content\/uploads\/2021\/06\/Picture-Bender-255x300.jpg\" alt=\"\" width=\"255\" height=\"300\" srcset=\"https:\/\/demo.ecilp.eu\/wp-content\/uploads\/2021\/06\/Picture-Bender-255x300.jpg 255w, https:\/\/demo.ecilp.eu\/wp-content\/uploads\/2021\/06\/Picture-Bender-872x1024.jpg 872w, https:\/\/demo.ecilp.eu\/wp-content\/uploads\/2021\/06\/Picture-Bender-768x902.jpg 768w, https:\/\/demo.ecilp.eu\/wp-content\/uploads\/2021\/06\/Picture-Bender-1308x1536.jpg 1308w, https:\/\/demo.ecilp.eu\/wp-content\/uploads\/2021\/06\/Picture-Bender-1744x2048.jpg 1744w\" sizes=\"(max-width: 255px) 100vw, 255px\" \/><\/p>\n<h2>Michael Bender, Tilburg University, The Netherlands\u200b<\/h2>\n<p>Ich bin Assistenzprofessorin am Fachbereich Sozialpsychologie der Universit\u00e4t Tilburg, Forschungsstipendiatin am Babylon, dem Zentrum f\u00fcr das Studium der multikulturellen Gesellschaft an der Universit\u00e4t Tilburg, und Honorarprofessorin an der School of Psychology des Gratia Christian College in Hongkong, China.<\/p>\n<p>In meiner Arbeit untersuche ich Kultur, insbesondere Akkulturation, Anpassung internationaler Studenten, Bedrohung, Verhalten zwischen Gruppen und Identit\u00e4t (siehe meine Google Scholar Seite). Ich engagiere mich leidenschaftlich f\u00fcr die Vermittlung und Einbindung von Kultur in den Lehrplan der Psychologie und k\u00fcmmere mich um die methodische Angemessenheit unserer Studien und Instrumente (Themen, zu denen ich regelm\u00e4\u00dfig Workshops und Sommerschulen gebe).<\/p>\n<p>Zusammen mit Byron Adams und vielen wunderbaren Mitwirkenden habe ich k\u00fcrzlich das Lehrbuch Methods and Assessment in Culture and Psychology (Cambridge) herausgegeben.<\/p>\n<p>Ich lege Wert auf Zusammenarbeit, Teamarbeit und die Bereitstellung wissenschaftlicher Erkenntnisse f\u00fcr alle. Ich bin Herausgeber der Open-Access-Zeitschrift Online Readings in Psychology and Culture und aktives Mitglied der International Association for Cross-Cultural Psychology (IACCP), der International Academy for Intercultural Research (IAIR) und Vorstandsmitglied des Zentralen Ausschusses Kulturelle Vielfalt und Psychologie des Niederl\u00e4ndischen Instituts f\u00fcr Psychologen (Centrale commissie Culturele diversiteit en psychologie, NIP). Au\u00dferdem bin ich Mitglied des st\u00e4ndigen Pr\u00fcfungsausschusses des RGC Hongkong.<\/p>\n<p>Ich habe F\u00f6rdermittel von der Europ\u00e4ischen Union (Marie-Curie-Stipendium, Erasmus+ KA2), der niederl\u00e4ndischen NWO (Comenius Teaching Fellowship), dem deutschen DAAD und der Jacobs Foundation sowie der Universit\u00e4t Tilburg erhalten (aktuelle Projekte siehe Projekte und F\u00f6rdermittel).<\/p>\n<p>Links:<\/p>\n<p>Homepage: https:\/\/www.tilburguniversity.edu\/staff\/m-bender<\/p>\n<p>LinkedIn: https:\/\/www.linkedin.com\/in\/michael-bender-6b15b843\/<\/p>\n<p>Twitter: @_m_bender https:\/\/twitter.com\/_m_bender<\/p>\n<p>\u00dcbersetzt mit www.DeepL.com\/Translator (kostenlose Version)<\/p>\n<p>&nbsp;<\/p>\n<hr \/>\n<h2><img decoding=\"async\" class=\"size-medium wp-image-300 alignleft\" src=\"https:\/\/demo.ecilp.eu\/wp-content\/uploads\/2021\/06\/betina-300x255.png\" alt=\"\" width=\"300\" height=\"255\" srcset=\"https:\/\/demo.ecilp.eu\/wp-content\/uploads\/2021\/06\/betina-300x255.png 300w, https:\/\/demo.ecilp.eu\/wp-content\/uploads\/2021\/06\/betina.png 457w\" sizes=\"(max-width: 300px) 100vw, 300px\" \/><\/h2>\n<h2>Bettina Strewe, SIETAR Deutschland<\/h2>\n<p>Bettina Strewe, Dr. phil., studierte Sprachwissenschaft, Slawistik und Romanistik, P\u00e4dagogik, Erwachsenenbildung und Deutsch als Fremdsprache in T\u00fcbingen, Hamburg, Bremen und Kaiserslautern (Deutschland), St. Petersburg, Moskau (Russland), Kiew (Ukraine) und Sofia (Bulgarien). Sie hat 15 Jahre lang gelehrt und geforscht, bevor sie ihre Arbeit als Leiterin internationaler Projekte in fast allen osteurop\u00e4ischen L\u00e4ndern und in Zentralasien aufnahm. Im Auftrag der Bundesregierung unterst\u00fctzte sie die Umgestaltung der Strukturen der Erwachsenenbildung vor Ort, war an der Ausarbeitung eines nationalen Erwachsenenbildungsgesetzes in Nordmazedonien beteiligt und wirkte bei der Einf\u00fchrung des Gemeinsamen Europ\u00e4ischen Referenzrahmens (CERF) in s\u00fcdosteurop\u00e4ischen L\u00e4ndern mit. Zur\u00fcck in Deutschland gr\u00fcndete sie InterKultOST mit dem Schwerpunkt auf der Entwicklung von Curricula f\u00fcr interkulturelle Studien sowie der Durchf\u00fchrung von interkulturellen Trainings f\u00fcr Trainer, Wissenschaftler, Verwaltung und Unternehmen.<\/p>\n<p>See more on <a href=\"https:\/\/bettina.strewe.de\">https:\/\/bettina.strewe.de<\/a>.<\/p>\n<hr \/>\n<p>Ursula entwickelt interkulturelle Lerninterventionen, die nachweislich wirksam sind. Sie hat mit \u00f6ffentlichen und privaten Organisationen zusammengearbeitet, darunter Asurion, Bosch, Daimler, DEG Deutsche Investitions- und Entwicklungshilfegesellschaft mbH, Ericsson, Essent, FellowMind, Peterson &amp; Control Union, RWE und Siemens Nederland N.V. 2016 erhielt Ursula den Margaret D Pusch Founders Award von SIETAR USA in Anerkennung ihres Engagements und ihrer Verdienste im Bereich interkultureller Beziehungen. Sie war sechs Jahre lang Vorstandsmitglied von SIETAR Niederlande und von April 2015 bis April 2017 Pr\u00e4sidentin der Vereinigung. Zusammen mit Oscar van Weerdenburg entwickelte sie den Intercultural Readiness Check und ver\u00f6ffentlichte Intercultural Readiness: Four competences for working across cultures (Palgrave). Ursula hat \u00fcber 600 Fachleute und \u00fcber 20 Hochschulen in Europa, Amerika, Asien und Australien f\u00fcr die Arbeit mit dem Intercultural Readiness Check zertifiziert. Derzeit konzentriert sie sich darauf, wie kulturell unterschiedliche Teams die Readiness-Kompetenzen nutzen k\u00f6nnen, um Probleme zu l\u00f6sen, bessere Entscheidungen zu treffen und innovativer zu sein.<\/p>\n<hr \/>\n<p>Oscar gr\u00fcndete Intercultural Business Improvement in der \u00dcberzeugung, dass der Fokus auf kulturelle Unterschiede mit der Aufmerksamkeit f\u00fcr die Kompetenzen einhergehen muss, die f\u00fcr den Umgang mit ihnen erforderlich sind. Von Anfang an war er an umfangreichen Forschungsarbeiten zu interkulturellen Kompetenzen und deren Bedeutung f\u00fcr international t\u00e4tige Unternehmen beteiligt. Im Jahr 2014 ver\u00f6ffentlichte er zusammen mit Ursula von der Universit\u00e4t Stuttgart das Buch Intercultural Readiness: Four competences for working across cultures (Palgrave). Oscar hat eine Vielzahl von Unternehmen beraten, darunter Vodafone, Royal Dutch Shell, HSBC, BASF, Pepsico, Daimler, ABN AMRO und PricewaterhouseCoopers. Auf der Grundlage seiner jahrzehntelangen Erfahrung unterst\u00fctzt Oscar F\u00fchrungskr\u00e4fte und Teams dabei, in ihren internationalen Rollen effektiver zu werden. Basierend auf dem Team Readiness-Ansatz von IBI hilft er kulturell unterschiedlichen Teams, die Kompetenzen zu entwickeln, die sie ben\u00f6tigen, um komplexe Probleme zu l\u00f6sen, bessere Entscheidungen zu treffen und innovativer zu sein.<\/p>\n<hr \/>\n<p><img decoding=\"async\" class=\" wp-image-439 alignleft\" src=\"https:\/\/demo.ecilp.eu\/wp-content\/uploads\/2021\/08\/rohmann-167x300.jpg\" alt=\"\" width=\"92\" height=\"165\" srcset=\"https:\/\/demo.ecilp.eu\/wp-content\/uploads\/2021\/08\/rohmann-167x300.jpg 167w, https:\/\/demo.ecilp.eu\/wp-content\/uploads\/2021\/08\/rohmann.jpg 300w\" sizes=\"(max-width: 92px) 100vw, 92px\" \/><\/p>\n<p>Anette Rohmann, FernUniversit\u00e4t in Hagen, Deutschland<\/p>\n<p>Anette Rohmann ist ordentliche Professorin f\u00fcr Gemeindepsychologie am Fachbereich Psychologie der FernUniversit\u00e4t in Hagen, Deutschland. Ihre Arbeitsschwerpunkte sind interkulturelle Beziehungen und Akkulturation, interkulturelle Kompetenz und interkulturelle Trainings, Interventionen zum Abbau von Vorurteilen und zur F\u00f6rderung positiver Intergruppenbeziehungen sowie kollektives Handeln im Kontext des Umweltschutzes. Sie ist auch an einem fruchtbaren Austausch zwischen Forschung und Praxis und an der F\u00f6rderung einer evidenzbasierten Praxis interessiert.<\/p>\n<p><a href=\"https:\/\/scholar.google.com\/citations?hl=en&amp;user=tDgF420AAAAJ\">Google Scholar Profile<\/a><\/p>\n<p><a href=\"https:\/\/www.fernuni-hagen.de\/community-psychology\/\">https:\/\/www.fernuni-hagen.de\/community-psychology\/<\/a><\/p>\n<p><a href=\"https:\/\/www.fernuni-hagen.de\/community-psychology\/team\/anette.rohmann.shtml\">https:\/\/www.fernuni-hagen.de\/community-psychology\/team\/anette.rohmann.shtml<\/a><\/p>\n<hr \/>\n<p><img decoding=\"async\" class=\"size-medium wp-image-440 alignleft\" src=\"https:\/\/demo.ecilp.eu\/wp-content\/uploads\/2021\/08\/Verena-Ohanian_ECILP_Website-240x300.jpg\" alt=\"\" width=\"240\" height=\"300\" srcset=\"https:\/\/demo.ecilp.eu\/wp-content\/uploads\/2021\/08\/Verena-Ohanian_ECILP_Website-240x300.jpg 240w, https:\/\/demo.ecilp.eu\/wp-content\/uploads\/2021\/08\/Verena-Ohanian_ECILP_Website-819x1024.jpg 819w, https:\/\/demo.ecilp.eu\/wp-content\/uploads\/2021\/08\/Verena-Ohanian_ECILP_Website-768x960.jpg 768w, https:\/\/demo.ecilp.eu\/wp-content\/uploads\/2021\/08\/Verena-Ohanian_ECILP_Website-1229x1536.jpg 1229w, https:\/\/demo.ecilp.eu\/wp-content\/uploads\/2021\/08\/Verena-Ohanian_ECILP_Website-1638x2048.jpg 1638w, https:\/\/demo.ecilp.eu\/wp-content\/uploads\/2021\/08\/Verena-Ohanian_ECILP_Website-scaled.jpg 2048w\" sizes=\"(max-width: 240px) 100vw, 240px\" \/><\/p>\n<p>Verena Ohanian, FernUniversitaet in Hagen, Deutschland<\/p>\n<p>Verena Ohanian ist wissenschaftliche Mitarbeiterin und Dozentin am Lehrstuhl f\u00fcr Gemeindepsychologie der FernUniversit\u00e4t Hagen in Deutschland. Ihre Arbeit konzentriert sich auf Interventionen, die positive Ver\u00e4nderungen auf individueller und gesellschaftlicher Ebene im Hinblick auf Vielfalt f\u00f6rdern. Verenas Forschungsinteressen betreffen interkulturelle Kompetenz, die Wirksamkeit von Diversity-Interventionen sowie den Austausch zwischen Forschung und Praxis in Bezug auf interkulturelle Trainings und evidenzbasierte Praxis. Sie arbeitet auch als Psychologin, Expat-Coach und interkulturelle Trainerin in verschiedenen (Non-Profit-)Projekten und unterst\u00fctzt Menschen bei der Bew\u00e4ltigung von Herausforderungen, die sich aus interkulturellen Kooperationen ergeben. Bevor sie ihr eigenes Trainingsangebot gr\u00fcndete, leitete sie den interkulturellen Trainingsbereich eines \u00dcbersetzungsb\u00fcros in Hamburg und arbeitete mit deutschen Unternehmen, die weltweit t\u00e4tig sind.<\/p>\n<p><strong>Links:<\/strong><\/p>\n<p>Homepage:\u00a0 https:\/\/www.fernuni-hagen.de\/community-psychology\/team\/verena.ohanian.shtml<\/p>\n<p>LinkedIn:\u00a0 <a href=\"https:\/\/www.linkedin.com\/in\/verena-ohanian-piper-86481149?originalSubdomain=de\">https:\/\/www.linkedin.com\/in\/verena-ohanian-piper-86481149?originalSubdomain=de<\/a><\/p>\n","protected":false},"excerpt":{"rendered":"<p>Michael Bender, Tilburg University, The Netherlands\u200b Ich bin Assistenzprofessorin am Fachbereich Sozialpsychologie der Universit\u00e4t Tilburg, Forschungsstipendiatin am Babylon, dem Zentrum f\u00fcr das Studium der multikulturellen Gesellschaft an der Universit\u00e4t Tilburg, und Honorarprofessorin an der School of Psychology des Gratia Christian College in Hongkong, China. In meiner Arbeit untersuche ich Kultur, insbesondere Akkulturation, Anpassung internationaler Studenten,&hellip;&nbsp;<a href=\"https:\/\/demo.ecilp.eu\/de\/individuals\/\" rel=\"bookmark\">Weiterlesen &raquo;<span class=\"screen-reader-text\">Einzelpersonen<\/span><\/a><\/p>\n","protected":false},"author":25,"featured_media":0,"parent":0,"menu_order":0,"comment_status":"closed","ping_status":"closed","template":"","meta":{"_et_pb_use_builder":"","_et_pb_old_content":"","_et_gb_content_width":"","neve_meta_sidebar":"full-width","neve_meta_container":"","neve_meta_enable_content_width":"on","neve_meta_content_width":100,"neve_meta_title_alignment":"","neve_meta_author_avatar":"","neve_post_elements_order":"","neve_meta_disable_header":"","neve_meta_disable_footer":"","neve_meta_disable_title":"","footnotes":""},"class_list":["post-434","page","type-page","status-publish","hentry"],"yoast_head":"<!-- This site is optimized with the Yoast SEO plugin v27.3 - https:\/\/yoast.com\/product\/yoast-seo-wordpress\/ -->\n<title>Einzelpersonen - DEMO: ECILP<\/title>\n<meta name=\"robots\" content=\"index, follow, max-snippet:-1, max-image-preview:large, max-video-preview:-1\" \/>\n<link rel=\"canonical\" href=\"https:\/\/demo.ecilp.eu\/de\/individuals\/\" \/>\n<meta property=\"og:locale\" content=\"de_DE\" \/>\n<meta property=\"og:type\" content=\"article\" \/>\n<meta property=\"og:title\" content=\"Einzelpersonen - DEMO: ECILP\" \/>\n<meta property=\"og:description\" content=\"Michael Bender, Tilburg University, The Netherlands\u200b Ich bin Assistenzprofessorin am Fachbereich Sozialpsychologie der Universit\u00e4t Tilburg, Forschungsstipendiatin am Babylon, dem Zentrum f\u00fcr das Studium der multikulturellen Gesellschaft an der Universit\u00e4t Tilburg, und Honorarprofessorin an der School of Psychology des Gratia Christian College in Hongkong, China. In meiner Arbeit untersuche ich Kultur, insbesondere Akkulturation, Anpassung internationaler Studenten,&hellip;&nbsp;Weiterlesen &raquo;Einzelpersonen\" \/>\n<meta property=\"og:url\" content=\"https:\/\/demo.ecilp.eu\/de\/individuals\/\" \/>\n<meta property=\"og:site_name\" content=\"DEMO: ECILP\" \/>\n<meta property=\"article:modified_time\" content=\"2025-11-18T07:30:20+00:00\" \/>\n<meta property=\"og:image\" content=\"https:\/\/demo.ecilp.eu\/wp-content\/uploads\/2021\/06\/Picture-Bender-255x300.jpg\" \/>\n<meta name=\"twitter:card\" content=\"summary_large_image\" \/>\n<meta name=\"twitter:label1\" content=\"Gesch\u00e4tzte Lesezeit\" \/>\n\t<meta name=\"twitter:data1\" content=\"5\u00a0Minuten\" \/>\n<script type=\"application\/ld+json\" class=\"yoast-schema-graph\">{\"@context\":\"https:\\\/\\\/schema.org\",\"@graph\":[{\"@type\":\"WebPage\",\"@id\":\"https:\\\/\\\/demo.ecilp.eu\\\/de\\\/individuals\\\/\",\"url\":\"https:\\\/\\\/demo.ecilp.eu\\\/de\\\/individuals\\\/\",\"name\":\"Einzelpersonen - DEMO: ECILP\",\"isPartOf\":{\"@id\":\"https:\\\/\\\/demo.ecilp.eu\\\/de\\\/#website\"},\"primaryImageOfPage\":{\"@id\":\"https:\\\/\\\/demo.ecilp.eu\\\/de\\\/individuals\\\/#primaryimage\"},\"image\":{\"@id\":\"https:\\\/\\\/demo.ecilp.eu\\\/individuals\\\/#primaryimage\"},\"thumbnailUrl\":\"https:\\\/\\\/demo.ecilp.eu\\\/wp-content\\\/uploads\\\/2021\\\/06\\\/Picture-Bender-255x300.jpg\",\"datePublished\":\"2021-08-05T05:53:23+00:00\",\"dateModified\":\"2025-11-18T07:30:20+00:00\",\"breadcrumb\":{\"@id\":\"https:\\\/\\\/demo.ecilp.eu\\\/de\\\/individuals\\\/#breadcrumb\"},\"inLanguage\":\"de\",\"potentialAction\":[{\"@type\":\"ReadAction\",\"target\":[[\"https:\\\/\\\/demo.ecilp.eu\\\/de\\\/individuals\\\/\"]]}]},{\"@type\":\"ImageObject\",\"inLanguage\":\"de\",\"@id\":\"https:\\\/\\\/demo.ecilp.eu\\\/de\\\/individuals\\\/#primaryimage\",\"url\":\"https:\\\/\\\/demo.ecilp.eu\\\/wp-content\\\/uploads\\\/2021\\\/06\\\/Picture-Bender-255x300.jpg\",\"contentUrl\":\"https:\\\/\\\/demo.ecilp.eu\\\/wp-content\\\/uploads\\\/2021\\\/06\\\/Picture-Bender-255x300.jpg\"},{\"@type\":\"BreadcrumbList\",\"@id\":\"https:\\\/\\\/demo.ecilp.eu\\\/de\\\/individuals\\\/#breadcrumb\",\"itemListElement\":[{\"@type\":\"ListItem\",\"position\":1,\"name\":\"Home\",\"item\":\"https:\\\/\\\/demo.ecilp.eu\\\/de\\\/\"},{\"@type\":\"ListItem\",\"position\":2,\"name\":\"Individuals\"}]},{\"@type\":\"WebSite\",\"@id\":\"https:\\\/\\\/demo.ecilp.eu\\\/de\\\/#website\",\"url\":\"https:\\\/\\\/demo.ecilp.eu\\\/de\\\/\",\"name\":\"ECILP\",\"description\":\"European Certificate for Intercultural Learning Professionals\",\"publisher\":{\"@id\":\"https:\\\/\\\/demo.ecilp.eu\\\/de\\\/#organization\"},\"potentialAction\":[{\"@type\":\"SearchAction\",\"target\":{\"@type\":\"EntryPoint\",\"urlTemplate\":\"https:\\\/\\\/demo.ecilp.eu\\\/de\\\/?s={search_term_string}\"},\"query-input\":{\"@type\":\"PropertyValueSpecification\",\"valueRequired\":true,\"valueName\":\"search_term_string\"}}],\"inLanguage\":\"de\"},{\"@type\":\"Organization\",\"@id\":\"https:\\\/\\\/demo.ecilp.eu\\\/de\\\/#organization\",\"name\":\"ECILP Project\",\"url\":\"https:\\\/\\\/demo.ecilp.eu\\\/de\\\/\",\"logo\":{\"@type\":\"ImageObject\",\"inLanguage\":\"de\",\"@id\":\"https:\\\/\\\/demo.ecilp.eu\\\/de\\\/#\\\/schema\\\/logo\\\/image\\\/\",\"url\":\"https:\\\/\\\/demo.ecilp.eu\\\/wp-content\\\/uploads\\\/2021\\\/01\\\/logo-erasmus-e1580739907735.jpg\",\"contentUrl\":\"https:\\\/\\\/demo.ecilp.eu\\\/wp-content\\\/uploads\\\/2021\\\/01\\\/logo-erasmus-e1580739907735.jpg\",\"width\":300,\"height\":86,\"caption\":\"ECILP Project\"},\"image\":{\"@id\":\"https:\\\/\\\/demo.ecilp.eu\\\/de\\\/#\\\/schema\\\/logo\\\/image\\\/\"}}]}<\/script>\n<!-- \/ Yoast SEO plugin. -->","yoast_head_json":{"title":"Einzelpersonen - DEMO: ECILP","robots":{"index":"index","follow":"follow","max-snippet":"max-snippet:-1","max-image-preview":"max-image-preview:large","max-video-preview":"max-video-preview:-1"},"canonical":"https:\/\/demo.ecilp.eu\/de\/individuals\/","og_locale":"de_DE","og_type":"article","og_title":"Einzelpersonen - DEMO: ECILP","og_description":"Michael Bender, Tilburg University, The Netherlands\u200b Ich bin Assistenzprofessorin am Fachbereich Sozialpsychologie der Universit\u00e4t Tilburg, Forschungsstipendiatin am Babylon, dem Zentrum f\u00fcr das Studium der multikulturellen Gesellschaft an der Universit\u00e4t Tilburg, und Honorarprofessorin an der School of Psychology des Gratia Christian College in Hongkong, China. In meiner Arbeit untersuche ich Kultur, insbesondere Akkulturation, Anpassung internationaler Studenten,&hellip;&nbsp;Weiterlesen &raquo;Einzelpersonen","og_url":"https:\/\/demo.ecilp.eu\/de\/individuals\/","og_site_name":"DEMO: ECILP","article_modified_time":"2025-11-18T07:30:20+00:00","og_image":[{"url":"https:\/\/demo.ecilp.eu\/wp-content\/uploads\/2021\/06\/Picture-Bender-255x300.jpg","type":"","width":"","height":""}],"twitter_card":"summary_large_image","twitter_misc":{"Gesch\u00e4tzte Lesezeit":"5\u00a0Minuten"},"schema":{"@context":"https:\/\/schema.org","@graph":[{"@type":"WebPage","@id":"https:\/\/demo.ecilp.eu\/de\/individuals\/","url":"https:\/\/demo.ecilp.eu\/de\/individuals\/","name":"Einzelpersonen - DEMO: ECILP","isPartOf":{"@id":"https:\/\/demo.ecilp.eu\/de\/#website"},"primaryImageOfPage":{"@id":"https:\/\/demo.ecilp.eu\/de\/individuals\/#primaryimage"},"image":{"@id":"https:\/\/demo.ecilp.eu\/individuals\/#primaryimage"},"thumbnailUrl":"https:\/\/demo.ecilp.eu\/wp-content\/uploads\/2021\/06\/Picture-Bender-255x300.jpg","datePublished":"2021-08-05T05:53:23+00:00","dateModified":"2025-11-18T07:30:20+00:00","breadcrumb":{"@id":"https:\/\/demo.ecilp.eu\/de\/individuals\/#breadcrumb"},"inLanguage":"de","potentialAction":[{"@type":"ReadAction","target":[["https:\/\/demo.ecilp.eu\/de\/individuals\/"]]}]},{"@type":"ImageObject","inLanguage":"de","@id":"https:\/\/demo.ecilp.eu\/de\/individuals\/#primaryimage","url":"https:\/\/demo.ecilp.eu\/wp-content\/uploads\/2021\/06\/Picture-Bender-255x300.jpg","contentUrl":"https:\/\/demo.ecilp.eu\/wp-content\/uploads\/2021\/06\/Picture-Bender-255x300.jpg"},{"@type":"BreadcrumbList","@id":"https:\/\/demo.ecilp.eu\/de\/individuals\/#breadcrumb","itemListElement":[{"@type":"ListItem","position":1,"name":"Home","item":"https:\/\/demo.ecilp.eu\/de\/"},{"@type":"ListItem","position":2,"name":"Individuals"}]},{"@type":"WebSite","@id":"https:\/\/demo.ecilp.eu\/de\/#website","url":"https:\/\/demo.ecilp.eu\/de\/","name":"ECILP","description":"European Certificate for Intercultural Learning Professionals","publisher":{"@id":"https:\/\/demo.ecilp.eu\/de\/#organization"},"potentialAction":[{"@type":"SearchAction","target":{"@type":"EntryPoint","urlTemplate":"https:\/\/demo.ecilp.eu\/de\/?s={search_term_string}"},"query-input":{"@type":"PropertyValueSpecification","valueRequired":true,"valueName":"search_term_string"}}],"inLanguage":"de"},{"@type":"Organization","@id":"https:\/\/demo.ecilp.eu\/de\/#organization","name":"ECILP Project","url":"https:\/\/demo.ecilp.eu\/de\/","logo":{"@type":"ImageObject","inLanguage":"de","@id":"https:\/\/demo.ecilp.eu\/de\/#\/schema\/logo\/image\/","url":"https:\/\/demo.ecilp.eu\/wp-content\/uploads\/2021\/01\/logo-erasmus-e1580739907735.jpg","contentUrl":"https:\/\/demo.ecilp.eu\/wp-content\/uploads\/2021\/01\/logo-erasmus-e1580739907735.jpg","width":300,"height":86,"caption":"ECILP Project"},"image":{"@id":"https:\/\/demo.ecilp.eu\/de\/#\/schema\/logo\/image\/"}}]}},"_links":{"self":[{"href":"https:\/\/demo.ecilp.eu\/de\/wp-json\/wp\/v2\/pages\/434","targetHints":{"allow":["GET"]}}],"collection":[{"href":"https:\/\/demo.ecilp.eu\/de\/wp-json\/wp\/v2\/pages"}],"about":[{"href":"https:\/\/demo.ecilp.eu\/de\/wp-json\/wp\/v2\/types\/page"}],"author":[{"embeddable":true,"href":"https:\/\/demo.ecilp.eu\/de\/wp-json\/wp\/v2\/users\/25"}],"replies":[{"embeddable":true,"href":"https:\/\/demo.ecilp.eu\/de\/wp-json\/wp\/v2\/comments?post=434"}],"version-history":[{"count":11,"href":"https:\/\/demo.ecilp.eu\/de\/wp-json\/wp\/v2\/pages\/434\/revisions"}],"predecessor-version":[{"id":549,"href":"https:\/\/demo.ecilp.eu\/de\/wp-json\/wp\/v2\/pages\/434\/revisions\/549"}],"wp:attachment":[{"href":"https:\/\/demo.ecilp.eu\/de\/wp-json\/wp\/v2\/media?parent=434"}],"curies":[{"name":"wp","href":"https:\/\/api.w.org\/{rel}","templated":true}]}}