{"id":434,"date":"2021-08-05T05:53:23","date_gmt":"2021-08-05T05:53:23","guid":{"rendered":"https:\/\/demo.ecilp.eu\/?page_id=434"},"modified":"2025-11-18T08:30:20","modified_gmt":"2025-11-18T07:30:20","slug":"individuals","status":"publish","type":"page","link":"https:\/\/demo.ecilp.eu\/it\/individuals\/","title":{"rendered":"Individui"},"content":{"rendered":"<p><img decoding=\"async\" class=\"size-medium wp-image-298 alignleft\" src=\"https:\/\/demo.ecilp.eu\/wp-content\/uploads\/2021\/06\/Picture-Bender-255x300.jpg\" alt=\"\" width=\"255\" height=\"300\" srcset=\"https:\/\/demo.ecilp.eu\/wp-content\/uploads\/2021\/06\/Picture-Bender-255x300.jpg 255w, https:\/\/demo.ecilp.eu\/wp-content\/uploads\/2021\/06\/Picture-Bender-872x1024.jpg 872w, https:\/\/demo.ecilp.eu\/wp-content\/uploads\/2021\/06\/Picture-Bender-768x902.jpg 768w, https:\/\/demo.ecilp.eu\/wp-content\/uploads\/2021\/06\/Picture-Bender-1308x1536.jpg 1308w, https:\/\/demo.ecilp.eu\/wp-content\/uploads\/2021\/06\/Picture-Bender-1744x2048.jpg 1744w\" sizes=\"(max-width: 255px) 100vw, 255px\" \/><\/p>\n<h2>Michael Bender, Tilburg University, The Netherlands\u200b<\/h2>\n<p>Sono professore assistente presso il Dipartimento di Psicologia sociale dell&#8217;Universit\u00e0 di Tilburg, ricercatore presso Babylon, il Centro per lo studio della societ\u00e0 multiculturale dell&#8217;Universit\u00e0 di Tilburg, e professore associato onorario presso la Scuola di Psicologia del Gratia Christian College di Hong Kong, Cina.<\/p>\n<p>Nel mio lavoro studio la cultura, in particolare l&#8217;acculturazione, l&#8217;adattamento degli studenti internazionali, la minaccia, il comportamento intergruppi e l&#8217;identit\u00e0 (vedi la mia pagina google scholar). Sono appassionata dell&#8217;insegnamento e dell&#8217;inserimento della cultura nel curriculum psicologico e mi preoccupo dell&#8217;adeguatezza metodologica dei nostri studi e dei nostri strumenti (argomenti sui quali tengo regolarmente seminari e scuole estive).<\/p>\n<p>Insieme a Byron Adams e a molti altri meravigliosi collaboratori, ho recentemente curato il libro di testo Methods and Assessment in Culture and Psychology (Cambridge).<\/p>\n<p>Apprezzo la collaborazione, il lavoro di gruppo e la possibilit\u00e0 di mettere a disposizione di tutti le conoscenze scientifiche. Sono redattore della rivista ad accesso libero, Online Readings in Psychology and Culture, e sono membro attivo dell&#8217;International Association for Cross-Cultural Psychology (IACCP), dell&#8217;International Academy for Intercultural Research (IAIR) e membro del comitato centrale Cultural Diversity and Psychology dell&#8217;Istituto olandese per gli psicologi (Centrale commissie Culturele diversiteit en psychologie, NIP). Sono anche membro del comitato di revisione permanente del RGC di Hong Kong.<\/p>\n<p>Ho ricevuto finanziamenti dall&#8217;Unione Europea (Marie Curie Fellowship, Erasmus+ KA2), dal NWO olandese (Comenius Teaching Fellowship), dal DAAD tedesco, dalla Jacobs Foundation e dall&#8217;Universit\u00e0 di Tilburg (per i progetti in corso, vedere Progetti e sovvenzioni).<\/p>\n<p>Link:<\/p>\n<p>Homepage: https:\/\/www.tilburguniversity.edu\/staff\/m-bender<\/p>\n<p>LinkedIn: https:\/\/www.linkedin.com\/in\/michael-bender-6b15b843\/<\/p>\n<p>Twitter: @_m_bender https:\/\/twitter.com\/_m_bender<\/p>\n<p>&nbsp;<\/p>\n<hr \/>\n<h2><img decoding=\"async\" class=\"size-medium wp-image-300 alignleft\" src=\"https:\/\/demo.ecilp.eu\/wp-content\/uploads\/2021\/06\/betina-300x255.png\" alt=\"\" width=\"300\" height=\"255\" srcset=\"https:\/\/demo.ecilp.eu\/wp-content\/uploads\/2021\/06\/betina-300x255.png 300w, https:\/\/demo.ecilp.eu\/wp-content\/uploads\/2021\/06\/betina.png 457w\" sizes=\"(max-width: 300px) 100vw, 300px\" \/><\/h2>\n<h2>Bettina Strewe, SIETAR Germania<\/h2>\n<p>Bettina Strewe, Dr. phil., ha studiato linguistica, lingue slave e romanze, educazione, educazione degli adulti e tedesco come lingua straniera a Tubinga, Amburgo, Brema e Kaiserslautern (Germania), San Pietroburgo, Mosca (Russia), Kiev (Ucraina) e Sofia (Bulgaria). Ha insegnato e fatto ricerca per 15 anni prima di iniziare a lavorare come senior manager di progetti internazionali in quasi tutti i Paesi dell&#8217;Europa orientale e dell&#8217;Asia centrale. Per conto del governo federale tedesco ha sostenuto la trasformazione delle strutture di educazione degli adulti in loco, ha partecipato alla definizione di una legge nazionale sull&#8217;educazione degli adulti nella Macedonia settentrionale e ha preso parte all&#8217;introduzione del Quadro comune europeo di riferimento (CERF) nei Paesi dell&#8217;Europa sudorientale. Tornata in Germania, ha fondato InterKultOST con l&#8217;obiettivo di sviluppare curricula per gli studi interculturali e di fornire formazione interculturale a formatori, scienziati, amministrazione e aziende.<\/p>\n<p>Per saperne di pi\u00f9: https:\/\/bettina.strewe.de.<\/p>\n<hr \/>\n<p>Ursula sviluppa interventi di apprendimento interculturale di comprovata efficacia. Ha lavorato con organizzazioni pubbliche e private, tra cui Asurion, Bosch, Daimler, DEG Deutsche Investitions- und Entwicklungshilfegesellschaft mbH, Ericsson, Essent, FellowMind, Peterson &amp; Control Union, RWE e Siemens Nederland N.V. Nel 2016, Ursula ha ricevuto il Margaret D Pusch Founders Award da SIETAR USA, come riconoscimento per il suo impegno e servizio nel campo delle relazioni interculturali. \u00c8 stata membro del consiglio di amministrazione di SIETAR Paesi Bassi per sei anni e presidente dell&#8217;associazione da aprile 2015 ad aprile 2017. Insieme a Oscar van Weerdenburg, ha sviluppato l&#8217;Intercultural Readiness Check e ha pubblicato Intercultural Readiness: Four competences for working across cultures (Palgrave). Ursula ha certificato oltre 600 professionisti e pi\u00f9 di 20 istituti di istruzione superiore in Europa, nelle Americhe, in Asia e in Australia, per lavorare con l&#8217;Intercultural Readiness Check. Attualmente si occupa di come i team culturalmente diversi possano utilizzare le competenze di Readiness per risolvere i problemi, prendere decisioni migliori ed essere pi\u00f9 innovativi.<\/p>\n<hr \/>\n<p>Oscar ha fondato Intercultural Business Improvement, convinto che l&#8217;attenzione alle differenze culturali dovesse andare di pari passo con l&#8217;attenzione alle competenze necessarie per affrontarle. Fin dall&#8217;inizio \u00e8 stato coinvolto in un&#8217;ampia ricerca sulle competenze interculturali e sulla loro importanza per le aziende che operano a livello internazionale. Nel 2014, insieme a Ursula, ha pubblicato Intercultural Readiness: Four competences for working across cultures (Palgrave). Oscar \u00e8 stato consulente di un&#8217;ampia gamma di aziende, tra cui Vodafone, Royal Dutch Shell, HSBC, BASF, Pepsico, Daimler, ABN AMRO e PricewaterhouseCoopers. Avvalendosi di un&#8217;esperienza decennale, Oscar aiuta i leader e i team a essere pi\u00f9 efficaci nei loro ruoli internazionali. Basandosi sull&#8217;approccio Team Readiness di IBI, aiuta i team culturalmente diversi a sviluppare le competenze necessarie per risolvere problemi complessi, prendere decisioni migliori ed essere pi\u00f9 innovativi.<\/p>\n<hr \/>\n<p><img decoding=\"async\" class=\" wp-image-439 alignleft\" src=\"https:\/\/demo.ecilp.eu\/wp-content\/uploads\/2021\/08\/rohmann-167x300.jpg\" alt=\"\" width=\"92\" height=\"165\" srcset=\"https:\/\/demo.ecilp.eu\/wp-content\/uploads\/2021\/08\/rohmann-167x300.jpg 167w, https:\/\/demo.ecilp.eu\/wp-content\/uploads\/2021\/08\/rohmann.jpg 300w\" sizes=\"(max-width: 92px) 100vw, 92px\" \/><\/p>\n<p>Anette Rohmann, FernUniversit\u00e4t di Hagen, Germania<\/p>\n<p>Anette Rohmann \u00e8 professore ordinario di Psicologia di comunit\u00e0 presso il Dipartimento di Psicologia della FernUniversit\u00e4t di Hagen, in Germania. Il suo lavoro si concentra sulle relazioni interculturali e l&#8217;acculturazione, la competenza interculturale e la formazione interculturale, gli interventi che riducono i pregiudizi e promuovono relazioni intergruppi positive e l&#8217;azione collettiva nel contesto della protezione ambientale. \u00c8 inoltre interessata a creare uno scambio proficuo tra ricerca e pratica e a promuovere una pratica basata sull&#8217;evidenza.<\/p>\n<p><a href=\"https:\/\/scholar.google.com\/citations?hl=en&amp;user=tDgF420AAAAJ\">Google Scholar Profile<\/a><\/p>\n<p><a href=\"https:\/\/www.fernuni-hagen.de\/community-psychology\/\">https:\/\/www.fernuni-hagen.de\/community-psychology\/<\/a><\/p>\n<p><a href=\"https:\/\/www.fernuni-hagen.de\/community-psychology\/team\/anette.rohmann.shtml\">https:\/\/www.fernuni-hagen.de\/community-psychology\/team\/anette.rohmann.shtml<\/a><\/p>\n<hr \/>\n<p><img decoding=\"async\" class=\"size-medium wp-image-440 alignleft\" src=\"https:\/\/demo.ecilp.eu\/wp-content\/uploads\/2021\/08\/Verena-Ohanian_ECILP_Website-240x300.jpg\" alt=\"\" width=\"240\" height=\"300\" srcset=\"https:\/\/demo.ecilp.eu\/wp-content\/uploads\/2021\/08\/Verena-Ohanian_ECILP_Website-240x300.jpg 240w, https:\/\/demo.ecilp.eu\/wp-content\/uploads\/2021\/08\/Verena-Ohanian_ECILP_Website-819x1024.jpg 819w, https:\/\/demo.ecilp.eu\/wp-content\/uploads\/2021\/08\/Verena-Ohanian_ECILP_Website-768x960.jpg 768w, https:\/\/demo.ecilp.eu\/wp-content\/uploads\/2021\/08\/Verena-Ohanian_ECILP_Website-1229x1536.jpg 1229w, https:\/\/demo.ecilp.eu\/wp-content\/uploads\/2021\/08\/Verena-Ohanian_ECILP_Website-1638x2048.jpg 1638w, https:\/\/demo.ecilp.eu\/wp-content\/uploads\/2021\/08\/Verena-Ohanian_ECILP_Website-scaled.jpg 2048w\" sizes=\"(max-width: 240px) 100vw, 240px\" \/><\/p>\n<p>Verena Ohanian, FernUniversitaet di Hagen, Germania<\/p>\n<p>Verena Ohanian \u00e8 ricercatrice associata e docente presso la cattedra di Psicologia di comunit\u00e0 dell&#8217;Universit\u00e0 di Hagen, in Germania. Il suo lavoro si concentra sugli interventi che promuovono un cambiamento positivo a livello individuale e sociale per quanto riguarda la diversit\u00e0. Gli interessi di ricerca di Verenas riguardano la competenza interculturale, l&#8217;efficacia degli interventi per la diversit\u00e0 e lo scambio tra ricerca e pratica per quanto riguarda la formazione interculturale e la pratica basata sull&#8217;evidenza. Lavora anche come psicologa, expat coach e formatrice interculturale in diversi progetti (non profit), sostenendo le persone nell&#8217;affrontare le sfide poste dalla cooperazione interculturale. Prima di avviare i propri servizi di formazione, ha gestito i servizi di formazione interculturale di un&#8217;agenzia di traduzione di Amburgo, lavorando con aziende tedesche che operano in tutto il mondo.<\/p>\n<p>Link:<\/p>\n<p>Homepage: https:\/\/www.fernuni-hagen.de\/community-psychology\/team\/verena.ohanian.shtml<\/p>\n<p>LinkedIn: https:\/\/www.linkedin.com\/in\/verena-ohanian-piper-86481149?originalSubdomain=de<\/p>\n","protected":false},"excerpt":{"rendered":"<p>Michael Bender, Tilburg University, The Netherlands\u200b Sono professore assistente presso il Dipartimento di Psicologia sociale dell&#8217;Universit\u00e0 di Tilburg, ricercatore presso Babylon, il Centro per lo studio della societ\u00e0 multiculturale dell&#8217;Universit\u00e0 di Tilburg, e professore associato onorario presso la Scuola di Psicologia del Gratia Christian College di Hong Kong, Cina. Nel mio lavoro studio la cultura,&hellip;&nbsp;<a href=\"https:\/\/demo.ecilp.eu\/it\/individuals\/\" rel=\"bookmark\">Leggi tutto &raquo;<span class=\"screen-reader-text\">Individui<\/span><\/a><\/p>\n","protected":false},"author":25,"featured_media":0,"parent":0,"menu_order":0,"comment_status":"closed","ping_status":"closed","template":"","meta":{"_et_pb_use_builder":"","_et_pb_old_content":"","_et_gb_content_width":"","neve_meta_sidebar":"full-width","neve_meta_container":"","neve_meta_enable_content_width":"on","neve_meta_content_width":100,"neve_meta_title_alignment":"","neve_meta_author_avatar":"","neve_post_elements_order":"","neve_meta_disable_header":"","neve_meta_disable_footer":"","neve_meta_disable_title":"","footnotes":""},"class_list":["post-434","page","type-page","status-publish","hentry"],"yoast_head":"<!-- This site is optimized with the Yoast SEO plugin v27.3 - https:\/\/yoast.com\/product\/yoast-seo-wordpress\/ -->\n<title>Individui - DEMO: ECILP<\/title>\n<meta name=\"robots\" content=\"index, follow, max-snippet:-1, max-image-preview:large, max-video-preview:-1\" \/>\n<link rel=\"canonical\" href=\"https:\/\/demo.ecilp.eu\/it\/individuals\/\" \/>\n<meta property=\"og:locale\" content=\"it_IT\" \/>\n<meta property=\"og:type\" content=\"article\" \/>\n<meta property=\"og:title\" content=\"Individui - DEMO: ECILP\" \/>\n<meta property=\"og:description\" content=\"Michael Bender, Tilburg University, The Netherlands\u200b Sono professore assistente presso il Dipartimento di Psicologia sociale dell&#8217;Universit\u00e0 di Tilburg, ricercatore presso Babylon, il Centro per lo studio della societ\u00e0 multiculturale dell&#8217;Universit\u00e0 di Tilburg, e professore associato onorario presso la Scuola di Psicologia del Gratia Christian College di Hong Kong, Cina. Nel mio lavoro studio la cultura,&hellip;&nbsp;Leggi tutto &raquo;Individui\" \/>\n<meta property=\"og:url\" content=\"https:\/\/demo.ecilp.eu\/it\/individuals\/\" \/>\n<meta property=\"og:site_name\" content=\"DEMO: ECILP\" \/>\n<meta property=\"article:modified_time\" content=\"2025-11-18T07:30:20+00:00\" \/>\n<meta property=\"og:image\" content=\"https:\/\/demo.ecilp.eu\/wp-content\/uploads\/2021\/06\/Picture-Bender-255x300.jpg\" \/>\n<meta name=\"twitter:card\" content=\"summary_large_image\" \/>\n<meta name=\"twitter:label1\" content=\"Tempo di lettura stimato\" \/>\n\t<meta name=\"twitter:data1\" content=\"5 minuti\" \/>\n<script type=\"application\/ld+json\" class=\"yoast-schema-graph\">{\"@context\":\"https:\\\/\\\/schema.org\",\"@graph\":[{\"@type\":\"WebPage\",\"@id\":\"https:\\\/\\\/demo.ecilp.eu\\\/it\\\/individuals\\\/\",\"url\":\"https:\\\/\\\/demo.ecilp.eu\\\/it\\\/individuals\\\/\",\"name\":\"Individui - DEMO: ECILP\",\"isPartOf\":{\"@id\":\"https:\\\/\\\/demo.ecilp.eu\\\/it\\\/#website\"},\"primaryImageOfPage\":{\"@id\":\"https:\\\/\\\/demo.ecilp.eu\\\/it\\\/individuals\\\/#primaryimage\"},\"image\":{\"@id\":\"https:\\\/\\\/demo.ecilp.eu\\\/individuals\\\/#primaryimage\"},\"thumbnailUrl\":\"https:\\\/\\\/demo.ecilp.eu\\\/wp-content\\\/uploads\\\/2021\\\/06\\\/Picture-Bender-255x300.jpg\",\"datePublished\":\"2021-08-05T05:53:23+00:00\",\"dateModified\":\"2025-11-18T07:30:20+00:00\",\"breadcrumb\":{\"@id\":\"https:\\\/\\\/demo.ecilp.eu\\\/it\\\/individuals\\\/#breadcrumb\"},\"inLanguage\":\"it-IT\",\"potentialAction\":[{\"@type\":\"ReadAction\",\"target\":[[\"https:\\\/\\\/demo.ecilp.eu\\\/it\\\/individuals\\\/\"]]}]},{\"@type\":\"ImageObject\",\"inLanguage\":\"it-IT\",\"@id\":\"https:\\\/\\\/demo.ecilp.eu\\\/it\\\/individuals\\\/#primaryimage\",\"url\":\"https:\\\/\\\/demo.ecilp.eu\\\/wp-content\\\/uploads\\\/2021\\\/06\\\/Picture-Bender-255x300.jpg\",\"contentUrl\":\"https:\\\/\\\/demo.ecilp.eu\\\/wp-content\\\/uploads\\\/2021\\\/06\\\/Picture-Bender-255x300.jpg\"},{\"@type\":\"BreadcrumbList\",\"@id\":\"https:\\\/\\\/demo.ecilp.eu\\\/it\\\/individuals\\\/#breadcrumb\",\"itemListElement\":[{\"@type\":\"ListItem\",\"position\":1,\"name\":\"Home\",\"item\":\"https:\\\/\\\/demo.ecilp.eu\\\/it\\\/\"},{\"@type\":\"ListItem\",\"position\":2,\"name\":\"Individuals\"}]},{\"@type\":\"WebSite\",\"@id\":\"https:\\\/\\\/demo.ecilp.eu\\\/it\\\/#website\",\"url\":\"https:\\\/\\\/demo.ecilp.eu\\\/it\\\/\",\"name\":\"ECILP\",\"description\":\"European Certificate for Intercultural Learning Professionals\",\"publisher\":{\"@id\":\"https:\\\/\\\/demo.ecilp.eu\\\/it\\\/#organization\"},\"potentialAction\":[{\"@type\":\"SearchAction\",\"target\":{\"@type\":\"EntryPoint\",\"urlTemplate\":\"https:\\\/\\\/demo.ecilp.eu\\\/it\\\/?s={search_term_string}\"},\"query-input\":{\"@type\":\"PropertyValueSpecification\",\"valueRequired\":true,\"valueName\":\"search_term_string\"}}],\"inLanguage\":\"it-IT\"},{\"@type\":\"Organization\",\"@id\":\"https:\\\/\\\/demo.ecilp.eu\\\/it\\\/#organization\",\"name\":\"ECILP Project\",\"url\":\"https:\\\/\\\/demo.ecilp.eu\\\/it\\\/\",\"logo\":{\"@type\":\"ImageObject\",\"inLanguage\":\"it-IT\",\"@id\":\"https:\\\/\\\/demo.ecilp.eu\\\/it\\\/#\\\/schema\\\/logo\\\/image\\\/\",\"url\":\"https:\\\/\\\/demo.ecilp.eu\\\/wp-content\\\/uploads\\\/2021\\\/01\\\/logo-erasmus-e1580739907735.jpg\",\"contentUrl\":\"https:\\\/\\\/demo.ecilp.eu\\\/wp-content\\\/uploads\\\/2021\\\/01\\\/logo-erasmus-e1580739907735.jpg\",\"width\":300,\"height\":86,\"caption\":\"ECILP Project\"},\"image\":{\"@id\":\"https:\\\/\\\/demo.ecilp.eu\\\/it\\\/#\\\/schema\\\/logo\\\/image\\\/\"}}]}<\/script>\n<!-- \/ Yoast SEO plugin. -->","yoast_head_json":{"title":"Individui - DEMO: ECILP","robots":{"index":"index","follow":"follow","max-snippet":"max-snippet:-1","max-image-preview":"max-image-preview:large","max-video-preview":"max-video-preview:-1"},"canonical":"https:\/\/demo.ecilp.eu\/it\/individuals\/","og_locale":"it_IT","og_type":"article","og_title":"Individui - DEMO: ECILP","og_description":"Michael Bender, Tilburg University, The Netherlands\u200b Sono professore assistente presso il Dipartimento di Psicologia sociale dell&#8217;Universit\u00e0 di Tilburg, ricercatore presso Babylon, il Centro per lo studio della societ\u00e0 multiculturale dell&#8217;Universit\u00e0 di Tilburg, e professore associato onorario presso la Scuola di Psicologia del Gratia Christian College di Hong Kong, Cina. Nel mio lavoro studio la cultura,&hellip;&nbsp;Leggi tutto &raquo;Individui","og_url":"https:\/\/demo.ecilp.eu\/it\/individuals\/","og_site_name":"DEMO: ECILP","article_modified_time":"2025-11-18T07:30:20+00:00","og_image":[{"url":"https:\/\/demo.ecilp.eu\/wp-content\/uploads\/2021\/06\/Picture-Bender-255x300.jpg","type":"","width":"","height":""}],"twitter_card":"summary_large_image","twitter_misc":{"Tempo di lettura stimato":"5 minuti"},"schema":{"@context":"https:\/\/schema.org","@graph":[{"@type":"WebPage","@id":"https:\/\/demo.ecilp.eu\/it\/individuals\/","url":"https:\/\/demo.ecilp.eu\/it\/individuals\/","name":"Individui - DEMO: ECILP","isPartOf":{"@id":"https:\/\/demo.ecilp.eu\/it\/#website"},"primaryImageOfPage":{"@id":"https:\/\/demo.ecilp.eu\/it\/individuals\/#primaryimage"},"image":{"@id":"https:\/\/demo.ecilp.eu\/individuals\/#primaryimage"},"thumbnailUrl":"https:\/\/demo.ecilp.eu\/wp-content\/uploads\/2021\/06\/Picture-Bender-255x300.jpg","datePublished":"2021-08-05T05:53:23+00:00","dateModified":"2025-11-18T07:30:20+00:00","breadcrumb":{"@id":"https:\/\/demo.ecilp.eu\/it\/individuals\/#breadcrumb"},"inLanguage":"it-IT","potentialAction":[{"@type":"ReadAction","target":[["https:\/\/demo.ecilp.eu\/it\/individuals\/"]]}]},{"@type":"ImageObject","inLanguage":"it-IT","@id":"https:\/\/demo.ecilp.eu\/it\/individuals\/#primaryimage","url":"https:\/\/demo.ecilp.eu\/wp-content\/uploads\/2021\/06\/Picture-Bender-255x300.jpg","contentUrl":"https:\/\/demo.ecilp.eu\/wp-content\/uploads\/2021\/06\/Picture-Bender-255x300.jpg"},{"@type":"BreadcrumbList","@id":"https:\/\/demo.ecilp.eu\/it\/individuals\/#breadcrumb","itemListElement":[{"@type":"ListItem","position":1,"name":"Home","item":"https:\/\/demo.ecilp.eu\/it\/"},{"@type":"ListItem","position":2,"name":"Individuals"}]},{"@type":"WebSite","@id":"https:\/\/demo.ecilp.eu\/it\/#website","url":"https:\/\/demo.ecilp.eu\/it\/","name":"ECILP","description":"European Certificate for Intercultural Learning Professionals","publisher":{"@id":"https:\/\/demo.ecilp.eu\/it\/#organization"},"potentialAction":[{"@type":"SearchAction","target":{"@type":"EntryPoint","urlTemplate":"https:\/\/demo.ecilp.eu\/it\/?s={search_term_string}"},"query-input":{"@type":"PropertyValueSpecification","valueRequired":true,"valueName":"search_term_string"}}],"inLanguage":"it-IT"},{"@type":"Organization","@id":"https:\/\/demo.ecilp.eu\/it\/#organization","name":"ECILP Project","url":"https:\/\/demo.ecilp.eu\/it\/","logo":{"@type":"ImageObject","inLanguage":"it-IT","@id":"https:\/\/demo.ecilp.eu\/it\/#\/schema\/logo\/image\/","url":"https:\/\/demo.ecilp.eu\/wp-content\/uploads\/2021\/01\/logo-erasmus-e1580739907735.jpg","contentUrl":"https:\/\/demo.ecilp.eu\/wp-content\/uploads\/2021\/01\/logo-erasmus-e1580739907735.jpg","width":300,"height":86,"caption":"ECILP Project"},"image":{"@id":"https:\/\/demo.ecilp.eu\/it\/#\/schema\/logo\/image\/"}}]}},"_links":{"self":[{"href":"https:\/\/demo.ecilp.eu\/it\/wp-json\/wp\/v2\/pages\/434","targetHints":{"allow":["GET"]}}],"collection":[{"href":"https:\/\/demo.ecilp.eu\/it\/wp-json\/wp\/v2\/pages"}],"about":[{"href":"https:\/\/demo.ecilp.eu\/it\/wp-json\/wp\/v2\/types\/page"}],"author":[{"embeddable":true,"href":"https:\/\/demo.ecilp.eu\/it\/wp-json\/wp\/v2\/users\/25"}],"replies":[{"embeddable":true,"href":"https:\/\/demo.ecilp.eu\/it\/wp-json\/wp\/v2\/comments?post=434"}],"version-history":[{"count":11,"href":"https:\/\/demo.ecilp.eu\/it\/wp-json\/wp\/v2\/pages\/434\/revisions"}],"predecessor-version":[{"id":549,"href":"https:\/\/demo.ecilp.eu\/it\/wp-json\/wp\/v2\/pages\/434\/revisions\/549"}],"wp:attachment":[{"href":"https:\/\/demo.ecilp.eu\/it\/wp-json\/wp\/v2\/media?parent=434"}],"curies":[{"name":"wp","href":"https:\/\/api.w.org\/{rel}","templated":true}]}}