{"id":794,"date":"2025-11-20T16:32:35","date_gmt":"2025-11-20T15:32:35","guid":{"rendered":"https:\/\/demo.ecilp.eu\/?page_id=794"},"modified":"2025-11-22T11:07:42","modified_gmt":"2025-11-22T10:07:42","slug":"organisations","status":"publish","type":"page","link":"https:\/\/demo.ecilp.eu\/it\/organisations\/","title":{"rendered":"Organisations"},"content":{"rendered":"<p><img decoding=\"async\" src=\"https:\/\/demo.ecilp.eu\/wp-content\/uploads\/2021\/01\/sietar.png\" sizes=\"(max-width: 300px) 100vw, 300px\" srcset=\"https:\/\/demo.ecilp.eu\/wp-content\/uploads\/2021\/01\/sietar.png 300w, https:\/\/demo.ecilp.eu\/wp-content\/uploads\/2021\/01\/sietar-150x150.png 150w\" alt=\"\" width=\"300\" height=\"300\" \/><\/p>\n<h2>Coordinatore: SIETAR Deutschland &#8211; Germania<\/h2>\n<p>Come membro dell&#8217; associazione e rete mondiale SIETAR &#8211; Society for Intercultural Education, Training and Research &#8211; SIETAR Deutschland e.V. \u00e8 orgogliosa di essere la pi\u00f9 grande organizzazione nazionale per i professionisti nell&#8217;area della comunicazione e della gestione interculturale e internazionale.<\/p>\n<p>La SIETAR Deutschland agisce come piattaforma per il dialogo professionale e interdisciplinare sulle tematiche interculturali nella scienza, nell&#8217;economia e nella societ\u00e0 in generale. La nostra attenzione \u00e8 rivolta alle persone interessate alle tematiche e alle sfide interculturali e che vivono o lavorano in un contesto interculturale, sia nelle attivit\u00e0 della vita quotidiana che nella ricerca, nella formazione, nella consulenza, nell&#8217;educazione e nei media.<\/p>\n<p>La SIETAR Deutschland si mantiene viva e dinamica grazie al coinvolgimento e alla diversit\u00e0 dei suoi membri. La nostra priorit\u00e0 \u00e8 quella di migliorare la collaborazione e la coesistenza di persone di diversa provenienza e cultura. Il nostro obiettivo \u00e8 quello di dare stimoli, spunti di conoscenza e offrire un&#8217;opportunit\u00e0 di scambio per aumentare la consapevolezza della collaborazione e della forza in una societ\u00e0 culturalmente eterogenea attraverso diverse pubblicazioni e attivit\u00e0. Attualmente SIETAR Deutschland redige tre differenti pubblicazioni, organizza regolarmente incontri, conferenze, seminari e workshop su temi interculturali.<\/p>\n<p>Sito web: <a href=\"http:\/\/www.sietar-deutschland.de\" target=\"_blank\" rel=\"noopener\">www.sietar-deutschland.de<\/a><\/p>\n<hr class=\"centered-divider\" \/>\n<p><img decoding=\"async\" src=\"https:\/\/demo.ecilp.eu\/wp-content\/uploads\/2021\/01\/assist.png\" sizes=\"(max-width: 300px) 100vw, 300px\" srcset=\"https:\/\/demo.ecilp.eu\/wp-content\/uploads\/2021\/01\/assist.png 300w, https:\/\/demo.ecilp.eu\/wp-content\/uploads\/2021\/01\/assist-150x150.png 150w\" alt=\"\" width=\"300\" height=\"300\" \/><\/p>\n<h2>Assist Gesellschaft f\u00fcr Unternehmensberatung und Personalentwicklung mbH &#8211; Germania<\/h2>\n<p>assist Gesellschaft f\u00fcr Unternehmensberatung und Personalentwicklung mbH propone formazione interculturale, alla leadership e alla comunicazione, nonch\u00e9 coaching, consulenza e workshop internazionali basati su strumenti di apprendimento innovativi e combinati per supportare lo sviluppo sostenibile di team internazionali, leader e organizzazioni globali.<\/p>\n<p>Con la nostra esperienza nello sviluppo di materiali di formazione unita al nostro concetto originale di blended learning, Smart international Learning, integriamo la nostra formazione in presenza con forme di apprendimento innovative per massimizzare la resa didattica e la sostenibilit\u00e0 dei contenuti e delle competenze della formazione.<\/p>\n<p>I nostri clienti sono sia del settore pubblico che privato, societ\u00e0 internazionali, organizzazioni di grandi e medie dimensioni. Dal 2014 Assist \u00e8 anche coinvolta in partenariati di progetti UE, offrendo un know-how interculturale per l&#8217;apprendimento online.<\/p>\n<p>Sito web: <a href=\"http:\/\/www.international-hr.de\" target=\"_blank\" rel=\"noopener\">www.international-hr.de<\/a><\/p>\n<hr class=\"centered-divider\" \/>\n<p><img decoding=\"async\" src=\"https:\/\/demo.ecilp.eu\/wp-content\/uploads\/2021\/01\/ibi.png\" sizes=\"(max-width: 300px) 100vw, 300px\" srcset=\"https:\/\/demo.ecilp.eu\/wp-content\/uploads\/2021\/01\/ibi.png 300w, https:\/\/demo.ecilp.eu\/wp-content\/uploads\/2021\/01\/ibi-150x150.png 150w\" alt=\"\" width=\"300\" height=\"300\" \/><\/p>\n<h2>I.B.I. Intercultural Business Improvement b.v. &#8211; Paesi Bassi<\/h2>\n<p>Intercultural Business Improvement b.v. (IBI) \u00e8 una societ\u00e0 di formazione e consulenza specializzata nel supportare i clienti nella valorizzazione della loro diversit\u00e0 culturale e nel migliorare l&#8217;efficacia interculturale del personale. Fondata da Oscar van Weerdenburg e Ursula Brinkmann, PhD, il team di IBI ha maturato una notevole esperienza nella progettazione e realizzazione di interventi di apprendimento interculturale, in presenza, online e ibridi. All&#8217;IBI, combiniamo le intuizioni della ricerca sulle differenze culturali e lo sviluppo delle competenze interculturali con la passione per lo sviluppo di interventi di apprendimento interattivi e pratici. Quando progettiamo interventi con e per i nostri clienti, ricorriamo a una rete mondiale di professionisti interculturali.<\/p>\n<p>Abbiamo sviluppato l&#8217;Intercultural Readiness Check (IRC), un importante strumento di valutazione interculturale, che valuta una gamma di competenze interculturali fondamentali. Numerose organizzazioni hanno utilizzato l&#8217;IRC per promuovere lo sviluppo delle loro competenze interculturali, e pi\u00f9 di 600 persone e organizzazioni sono certificate per lavorare con l&#8217;IRC. In Intercultural Readiness: Four competences for working across cultures (Palgrave) presentiamo il nostro approccio allo sviluppo delle competenze interculturali e posizioniamo le competenze IRC nel contesto pi\u00f9 ampio della diversit\u00e0 nei team e nelle organizzazioni.<\/p>\n<p>Sito web: <a href=\"http:\/\/www.ibinet.nl\" target=\"_blank\" rel=\"noopener\">www.ibinet.nl<\/a><\/p>\n<hr class=\"centered-divider\" \/>\n<p><img decoding=\"async\" src=\"https:\/\/demo.ecilp.eu\/wp-content\/uploads\/2021\/01\/cwep.png\" sizes=\"(max-width: 300px) 100vw, 300px\" srcset=\"https:\/\/demo.ecilp.eu\/wp-content\/uploads\/2021\/01\/cwep.png 300w, https:\/\/demo.ecilp.eu\/wp-content\/uploads\/2021\/01\/cwep-150x150.png 150w\" alt=\"\" width=\"300\" height=\"300\" \/><\/p>\n<h2>Centrum Wspierania Edukacji i Przedsi\u0119biorczo\u015bci (CWEP) &#8211; Polonia<br \/>\n<\/h2>\n<p>Centrum Wspierania Edukacji i Przedsi\u0119biorczo\u015bci opera dal 2004 conducendo attivit\u00e0 legate al supporto e alla promozione di una didattica innovativa e dell&#8217; imprenditorialit\u00e0, della ricerca scientifica e della consulenza, realizzando attivit\u00e0 di formazione, editoria, marketing, consulenza e promozione. L&#8217;associazione offre servizi di sostegno all&#8217;istruzione attraverso la realizzazione di progetti educativi transnazionali rivolti ai giovani e l&#8217;organizzazione della formazione. Gestisce anche un supporto di consulenza per le aziende che operano nella regione dei Subcarpazi e nella regione della Piccola Polonia e implementa progetti di investimento per migliorare la qualit\u00e0 dei servizi di supporto alle imprese. L&#8217;associazione \u00e8 attiva nel campo della scienza, impegnandosi in progetti di ricerca e conducendo indagini sulla societ\u00e0.<\/p>\n<p>Sito web: <a href=\"https:\/\/www.cwep.eu\" target=\"_blank\" rel=\"noopener\">www.cwep.eu<\/a><\/p>\n<hr class=\"centered-divider\" \/>\n<p><img decoding=\"async\" src=\"https:\/\/demo.ecilp.eu\/wp-content\/uploads\/2021\/01\/labc.png\" sizes=\"(max-width: 300px) 100vw, 300px\" srcset=\"https:\/\/demo.ecilp.eu\/wp-content\/uploads\/2021\/01\/labc.png 300w, https:\/\/demo.ecilp.eu\/wp-content\/uploads\/2021\/01\/labc-150x150.png 150w\" alt=\"\" width=\"300\" height=\"300\" \/><\/p>\n<h2>LABC &#8211; Italia<\/h2>\n<p>LABC \u00e8 una societ\u00e0 con sede a Torino (IT). LABC si propone come comunit\u00e0 di apprendimento, con l&#8217;obiettivo di condividere e valorizzare l&#8217;esperienza di professionisti nel campo del benessere individuale e comunitario, del lavoro di gruppo, dell&#8217;educazione e della formazione, del reinserimento nel mercato del lavoro, del project management.<\/p>\n<p>LABC \u00e8 arricchita da collaborazioni paneuropee, seguendo e promuovendo costantemente i principi di:<\/p>\n<ul>\n<li>apprendimento collaborativo: scambiamo, miglioriamo e condividiamo esperienze, risorse e competenze, per migliorare le collaborazioni internazionali e intermodali, sviluppare e trasferire metodologie e prassi<\/li>\n<li>generativit\u00e0: stabiliamo, sosteniamo e indirizziamo la capacit\u00e0 di creare, generare e produrre nuovi strumenti, modelli e prassi psicologiche, sociali ed educative, con l&#8217;obiettivo di diffonderle liberamente nella comunit\u00e0<\/li>\n<\/ul>\n<p>LABC \u00e8 presente e attivo in:<\/p>\n<p># lavoro di cura, benessere individuale e comunitario attraverso una vasta gamma di attivit\u00e0, tra cui sessioni di lavoro di gruppo, supervisioni, formazione, consulenza sulla gestione, organizzazione di eventi pubblici, conferenze e seminari<\/p>\n<p># Educazione e Ricerca attraverso la progettazione di metodologie di apprendimento e la realizzazione di materiali e strumenti formativi dedicati a migliorare la consapevolezza dei partecipanti e dei destinatari su temi di particolare interesse in ambito psicologico, educativo, sociale e ambientale.<\/p>\n<p>Sito web: <a href=\"http:\/\/www.labcentro.it\" target=\"_blank\" rel=\"noopener\">www.labcentro.it\u00a0<\/a><\/p>\n<hr class=\"centered-divider\" \/>\n<p><img decoding=\"async\" src=\"https:\/\/demo.ecilp.eu\/wp-content\/uploads\/2021\/01\/tiu.png\" sizes=\"(max-width: 300px) 100vw, 300px\" srcset=\"https:\/\/demo.ecilp.eu\/wp-content\/uploads\/2021\/01\/tiu.png 300w, https:\/\/demo.ecilp.eu\/wp-content\/uploads\/2021\/01\/tiu-150x150.png 150w\" alt=\"\" width=\"300\" height=\"300\" \/><\/p>\n<h2>Stichting Katholieke Universiteit Brabant &#8211; Paesi Bassi<\/h2>\n<p>L&#8217;Universit\u00e0 di Tilburg \u00e8 stata fondata nel 1927, accoglie oltre 17.000 studenti, di cui 3.105 sono studenti internazionali provenienti da 110 diverse nazioni, e oltre 1.100 accademici (fte). L&#8217;Universit\u00e0 di Tilburg si \u00e8 classificata al 18\u00b0 posto nella US News Best Global Universities Ranking nel 2016.<\/p>\n<p>L&#8217;Universit\u00e0 di Tilburg vanta una cultura di cooperazione e co-creazione, a livello locale, regionale, nazionale e internazionale. Uniamo le nostre attivit\u00e0 con quelle di altri enti di formazione, della comunit\u00e0 imprenditoriale, dei governi e delle organizzazioni della societ\u00e0 civile e con i nostri allievi sul territorio nazionale e all&#8217;estero. Ricerchiamo il legame tra le diverse discipline per trovare soluzioni ai principali problemi che noi, come societ\u00e0, affrontiamo.<\/p>\n<p>Otteniamo questo soprattutto sviluppando e trasferendo conoscenze e riunendo persone di varie discipline e organizzazioni. Per massimizzare il nostro contributo alla societ\u00e0, abbiamo istituito un programma di impatto, incentrato sui seguenti tre temi: Empowering a Resilient Society, Enhancing Health and Wellbeing e Creating Value from Data.\u00a0 L&#8217;Universit\u00e0 di Tilburg sostiene oltre 120 progetti finanziati dall&#8217;UE.<\/p>\n<p>Il Dipartimento di Psicologia Sociale, nella Scuola di Scienze Sociali e Comportamentali \u00e8 costituito da un vivace mix di persone interessate alla psicologia sociale, economica e del lavoro e delle organizzazioni. I membri del dipartimento si focalizzano sulle relazioni intergruppo, l&#8217;esclusione, la diversit\u00e0 e i temi interculturali, come dimostrano i membri del dipartimento che sono attivi nella IACCP (International Association for Cross-Cultural Psychology), NIP (Dutch Institute for Psychologists), la cooperazione con l&#8217;Hofstede Centre, le scuole estive, le attivit\u00e0 di finanziamento (DAAD, NWO, ecc.) e il loro lavoro come editori e autori di libri di testo.<\/p>\n<p>Sito web: <a href=\"https:\/\/www.tilburguniversity.edu\/\" target=\"_blank\" rel=\"noopener\">www.tilburguniversity.edu<\/a><\/p>\n","protected":false},"excerpt":{"rendered":"<p>Coordinatore: SIETAR Deutschland &#8211; Germania Come membro dell&#8217; associazione e rete mondiale SIETAR &#8211; Society for Intercultural Education, Training and Research &#8211; SIETAR Deutschland e.V. \u00e8 orgogliosa di essere la pi\u00f9 grande organizzazione nazionale per i professionisti nell&#8217;area della comunicazione e della gestione interculturale e internazionale. La SIETAR Deutschland agisce come piattaforma per il dialogo&hellip;&nbsp;<a href=\"https:\/\/demo.ecilp.eu\/it\/organisations\/\" rel=\"bookmark\">Leggi tutto &raquo;<span class=\"screen-reader-text\">Organisations<\/span><\/a><\/p>\n","protected":false},"author":23,"featured_media":0,"parent":0,"menu_order":0,"comment_status":"closed","ping_status":"closed","template":"","meta":{"_et_pb_use_builder":"","_et_pb_old_content":"","_et_gb_content_width":"","neve_meta_sidebar":"","neve_meta_container":"","neve_meta_enable_content_width":"off","neve_meta_content_width":100,"neve_meta_title_alignment":"","neve_meta_author_avatar":"","neve_post_elements_order":"","neve_meta_disable_header":"","neve_meta_disable_footer":"","neve_meta_disable_title":"","footnotes":""},"class_list":["post-794","page","type-page","status-publish","hentry"],"yoast_head":"<!-- This site is optimized with the Yoast SEO plugin v27.3 - https:\/\/yoast.com\/product\/yoast-seo-wordpress\/ -->\n<title>Organisations - DEMO: ECILP<\/title>\n<meta name=\"robots\" content=\"index, follow, max-snippet:-1, max-image-preview:large, max-video-preview:-1\" \/>\n<link rel=\"canonical\" href=\"https:\/\/demo.ecilp.eu\/it\/organisations\/\" \/>\n<meta property=\"og:locale\" content=\"it_IT\" \/>\n<meta property=\"og:type\" content=\"article\" \/>\n<meta property=\"og:title\" content=\"Organisations - DEMO: ECILP\" \/>\n<meta property=\"og:description\" content=\"Coordinatore: SIETAR Deutschland &#8211; Germania Come membro dell&#8217; associazione e rete mondiale SIETAR &#8211; Society for Intercultural Education, Training and Research &#8211; SIETAR Deutschland e.V. \u00e8 orgogliosa di essere la pi\u00f9 grande organizzazione nazionale per i professionisti nell&#8217;area della comunicazione e della gestione interculturale e internazionale. La SIETAR Deutschland agisce come piattaforma per il dialogo&hellip;&nbsp;Leggi tutto &raquo;Organisations\" \/>\n<meta property=\"og:url\" content=\"https:\/\/demo.ecilp.eu\/it\/organisations\/\" \/>\n<meta property=\"og:site_name\" content=\"DEMO: ECILP\" \/>\n<meta property=\"article:modified_time\" content=\"2025-11-22T10:07:42+00:00\" \/>\n<meta property=\"og:image\" content=\"https:\/\/demo.ecilp.eu\/wp-content\/uploads\/2021\/01\/sietar.png\" \/>\n<meta name=\"twitter:card\" content=\"summary_large_image\" \/>\n<meta name=\"twitter:label1\" content=\"Tempo di lettura stimato\" \/>\n\t<meta name=\"twitter:data1\" content=\"6 minuti\" \/>\n<script type=\"application\/ld+json\" class=\"yoast-schema-graph\">{\"@context\":\"https:\\\/\\\/schema.org\",\"@graph\":[{\"@type\":\"WebPage\",\"@id\":\"https:\\\/\\\/demo.ecilp.eu\\\/it\\\/organisations\\\/\",\"url\":\"https:\\\/\\\/demo.ecilp.eu\\\/it\\\/organisations\\\/\",\"name\":\"Organisations - DEMO: ECILP\",\"isPartOf\":{\"@id\":\"https:\\\/\\\/demo.ecilp.eu\\\/it\\\/#website\"},\"primaryImageOfPage\":{\"@id\":\"https:\\\/\\\/demo.ecilp.eu\\\/it\\\/organisations\\\/#primaryimage\"},\"image\":{\"@id\":\"https:\\\/\\\/demo.ecilp.eu\\\/organisations\\\/#primaryimage\"},\"thumbnailUrl\":\"https:\\\/\\\/demo.ecilp.eu\\\/wp-content\\\/uploads\\\/2021\\\/01\\\/sietar.png\",\"datePublished\":\"2025-11-20T15:32:35+00:00\",\"dateModified\":\"2025-11-22T10:07:42+00:00\",\"breadcrumb\":{\"@id\":\"https:\\\/\\\/demo.ecilp.eu\\\/it\\\/organisations\\\/#breadcrumb\"},\"inLanguage\":\"it-IT\",\"potentialAction\":[{\"@type\":\"ReadAction\",\"target\":[[\"https:\\\/\\\/demo.ecilp.eu\\\/it\\\/organisations\\\/\"]]}]},{\"@type\":\"ImageObject\",\"inLanguage\":\"it-IT\",\"@id\":\"https:\\\/\\\/demo.ecilp.eu\\\/it\\\/organisations\\\/#primaryimage\",\"url\":\"https:\\\/\\\/demo.ecilp.eu\\\/wp-content\\\/uploads\\\/2021\\\/01\\\/sietar.png\",\"contentUrl\":\"https:\\\/\\\/demo.ecilp.eu\\\/wp-content\\\/uploads\\\/2021\\\/01\\\/sietar.png\"},{\"@type\":\"BreadcrumbList\",\"@id\":\"https:\\\/\\\/demo.ecilp.eu\\\/it\\\/organisations\\\/#breadcrumb\",\"itemListElement\":[{\"@type\":\"ListItem\",\"position\":1,\"name\":\"Home\",\"item\":\"https:\\\/\\\/demo.ecilp.eu\\\/it\\\/\"},{\"@type\":\"ListItem\",\"position\":2,\"name\":\"Organisations\"}]},{\"@type\":\"WebSite\",\"@id\":\"https:\\\/\\\/demo.ecilp.eu\\\/it\\\/#website\",\"url\":\"https:\\\/\\\/demo.ecilp.eu\\\/it\\\/\",\"name\":\"ECILP\",\"description\":\"European Certificate for Intercultural Learning Professionals\",\"publisher\":{\"@id\":\"https:\\\/\\\/demo.ecilp.eu\\\/it\\\/#organization\"},\"potentialAction\":[{\"@type\":\"SearchAction\",\"target\":{\"@type\":\"EntryPoint\",\"urlTemplate\":\"https:\\\/\\\/demo.ecilp.eu\\\/it\\\/?s={search_term_string}\"},\"query-input\":{\"@type\":\"PropertyValueSpecification\",\"valueRequired\":true,\"valueName\":\"search_term_string\"}}],\"inLanguage\":\"it-IT\"},{\"@type\":\"Organization\",\"@id\":\"https:\\\/\\\/demo.ecilp.eu\\\/it\\\/#organization\",\"name\":\"ECILP Project\",\"url\":\"https:\\\/\\\/demo.ecilp.eu\\\/it\\\/\",\"logo\":{\"@type\":\"ImageObject\",\"inLanguage\":\"it-IT\",\"@id\":\"https:\\\/\\\/demo.ecilp.eu\\\/it\\\/#\\\/schema\\\/logo\\\/image\\\/\",\"url\":\"https:\\\/\\\/demo.ecilp.eu\\\/wp-content\\\/uploads\\\/2021\\\/01\\\/logo-erasmus-e1580739907735.jpg\",\"contentUrl\":\"https:\\\/\\\/demo.ecilp.eu\\\/wp-content\\\/uploads\\\/2021\\\/01\\\/logo-erasmus-e1580739907735.jpg\",\"width\":300,\"height\":86,\"caption\":\"ECILP Project\"},\"image\":{\"@id\":\"https:\\\/\\\/demo.ecilp.eu\\\/it\\\/#\\\/schema\\\/logo\\\/image\\\/\"}}]}<\/script>\n<!-- \/ Yoast SEO plugin. -->","yoast_head_json":{"title":"Organisations - DEMO: ECILP","robots":{"index":"index","follow":"follow","max-snippet":"max-snippet:-1","max-image-preview":"max-image-preview:large","max-video-preview":"max-video-preview:-1"},"canonical":"https:\/\/demo.ecilp.eu\/it\/organisations\/","og_locale":"it_IT","og_type":"article","og_title":"Organisations - DEMO: ECILP","og_description":"Coordinatore: SIETAR Deutschland &#8211; Germania Come membro dell&#8217; associazione e rete mondiale SIETAR &#8211; Society for Intercultural Education, Training and Research &#8211; SIETAR Deutschland e.V. \u00e8 orgogliosa di essere la pi\u00f9 grande organizzazione nazionale per i professionisti nell&#8217;area della comunicazione e della gestione interculturale e internazionale. La SIETAR Deutschland agisce come piattaforma per il dialogo&hellip;&nbsp;Leggi tutto &raquo;Organisations","og_url":"https:\/\/demo.ecilp.eu\/it\/organisations\/","og_site_name":"DEMO: ECILP","article_modified_time":"2025-11-22T10:07:42+00:00","og_image":[{"url":"https:\/\/demo.ecilp.eu\/wp-content\/uploads\/2021\/01\/sietar.png","type":"","width":"","height":""}],"twitter_card":"summary_large_image","twitter_misc":{"Tempo di lettura stimato":"6 minuti"},"schema":{"@context":"https:\/\/schema.org","@graph":[{"@type":"WebPage","@id":"https:\/\/demo.ecilp.eu\/it\/organisations\/","url":"https:\/\/demo.ecilp.eu\/it\/organisations\/","name":"Organisations - DEMO: ECILP","isPartOf":{"@id":"https:\/\/demo.ecilp.eu\/it\/#website"},"primaryImageOfPage":{"@id":"https:\/\/demo.ecilp.eu\/it\/organisations\/#primaryimage"},"image":{"@id":"https:\/\/demo.ecilp.eu\/organisations\/#primaryimage"},"thumbnailUrl":"https:\/\/demo.ecilp.eu\/wp-content\/uploads\/2021\/01\/sietar.png","datePublished":"2025-11-20T15:32:35+00:00","dateModified":"2025-11-22T10:07:42+00:00","breadcrumb":{"@id":"https:\/\/demo.ecilp.eu\/it\/organisations\/#breadcrumb"},"inLanguage":"it-IT","potentialAction":[{"@type":"ReadAction","target":[["https:\/\/demo.ecilp.eu\/it\/organisations\/"]]}]},{"@type":"ImageObject","inLanguage":"it-IT","@id":"https:\/\/demo.ecilp.eu\/it\/organisations\/#primaryimage","url":"https:\/\/demo.ecilp.eu\/wp-content\/uploads\/2021\/01\/sietar.png","contentUrl":"https:\/\/demo.ecilp.eu\/wp-content\/uploads\/2021\/01\/sietar.png"},{"@type":"BreadcrumbList","@id":"https:\/\/demo.ecilp.eu\/it\/organisations\/#breadcrumb","itemListElement":[{"@type":"ListItem","position":1,"name":"Home","item":"https:\/\/demo.ecilp.eu\/it\/"},{"@type":"ListItem","position":2,"name":"Organisations"}]},{"@type":"WebSite","@id":"https:\/\/demo.ecilp.eu\/it\/#website","url":"https:\/\/demo.ecilp.eu\/it\/","name":"ECILP","description":"European Certificate for Intercultural Learning Professionals","publisher":{"@id":"https:\/\/demo.ecilp.eu\/it\/#organization"},"potentialAction":[{"@type":"SearchAction","target":{"@type":"EntryPoint","urlTemplate":"https:\/\/demo.ecilp.eu\/it\/?s={search_term_string}"},"query-input":{"@type":"PropertyValueSpecification","valueRequired":true,"valueName":"search_term_string"}}],"inLanguage":"it-IT"},{"@type":"Organization","@id":"https:\/\/demo.ecilp.eu\/it\/#organization","name":"ECILP Project","url":"https:\/\/demo.ecilp.eu\/it\/","logo":{"@type":"ImageObject","inLanguage":"it-IT","@id":"https:\/\/demo.ecilp.eu\/it\/#\/schema\/logo\/image\/","url":"https:\/\/demo.ecilp.eu\/wp-content\/uploads\/2021\/01\/logo-erasmus-e1580739907735.jpg","contentUrl":"https:\/\/demo.ecilp.eu\/wp-content\/uploads\/2021\/01\/logo-erasmus-e1580739907735.jpg","width":300,"height":86,"caption":"ECILP Project"},"image":{"@id":"https:\/\/demo.ecilp.eu\/it\/#\/schema\/logo\/image\/"}}]}},"_links":{"self":[{"href":"https:\/\/demo.ecilp.eu\/it\/wp-json\/wp\/v2\/pages\/794","targetHints":{"allow":["GET"]}}],"collection":[{"href":"https:\/\/demo.ecilp.eu\/it\/wp-json\/wp\/v2\/pages"}],"about":[{"href":"https:\/\/demo.ecilp.eu\/it\/wp-json\/wp\/v2\/types\/page"}],"author":[{"embeddable":true,"href":"https:\/\/demo.ecilp.eu\/it\/wp-json\/wp\/v2\/users\/23"}],"replies":[{"embeddable":true,"href":"https:\/\/demo.ecilp.eu\/it\/wp-json\/wp\/v2\/comments?post=794"}],"version-history":[{"count":3,"href":"https:\/\/demo.ecilp.eu\/it\/wp-json\/wp\/v2\/pages\/794\/revisions"}],"predecessor-version":[{"id":1177,"href":"https:\/\/demo.ecilp.eu\/it\/wp-json\/wp\/v2\/pages\/794\/revisions\/1177"}],"wp:attachment":[{"href":"https:\/\/demo.ecilp.eu\/it\/wp-json\/wp\/v2\/media?parent=794"}],"curies":[{"name":"wp","href":"https:\/\/api.w.org\/{rel}","templated":true}]}}