{"id":434,"date":"2021-08-05T05:53:23","date_gmt":"2021-08-05T05:53:23","guid":{"rendered":"https:\/\/demo.ecilp.eu\/?page_id=434"},"modified":"2025-11-18T08:30:20","modified_gmt":"2025-11-18T07:30:20","slug":"individuals","status":"publish","type":"page","link":"https:\/\/demo.ecilp.eu\/pl\/individuals\/","title":{"rendered":"Osoby fizyczne"},"content":{"rendered":"<p><img decoding=\"async\" class=\"size-medium wp-image-298 alignleft\" src=\"https:\/\/demo.ecilp.eu\/wp-content\/uploads\/2021\/06\/Picture-Bender-255x300.jpg\" alt=\"\" width=\"255\" height=\"300\" srcset=\"https:\/\/demo.ecilp.eu\/wp-content\/uploads\/2021\/06\/Picture-Bender-255x300.jpg 255w, https:\/\/demo.ecilp.eu\/wp-content\/uploads\/2021\/06\/Picture-Bender-872x1024.jpg 872w, https:\/\/demo.ecilp.eu\/wp-content\/uploads\/2021\/06\/Picture-Bender-768x902.jpg 768w, https:\/\/demo.ecilp.eu\/wp-content\/uploads\/2021\/06\/Picture-Bender-1308x1536.jpg 1308w, https:\/\/demo.ecilp.eu\/wp-content\/uploads\/2021\/06\/Picture-Bender-1744x2048.jpg 1744w\" sizes=\"(max-width: 255px) 100vw, 255px\" \/><\/p>\n<h2>Michael Bender, Uniwersytet w Tilburgu, Holandia<\/h2>\n<p>Jestem adiunktem na Wydziale Psychologii Spo\u0142ecznej na Uniwersytecie w Tilburgu, pracownikiem naukowym w Babylon, Centrum Bada\u0144 nad Spo\u0142ecze\u0144stwem Wielokulturowym na Uniwersytecie w Tilburgu oraz honorowym profesorem nadzwyczajnym w Szkole Psychologii w Gratia Christian College w Hongkongu w Chinach.<\/p>\n<p>W swojej pracy badam kultur\u0119, w szczeg\u00f3lno\u015bci akulturacj\u0119, przystosowanie student\u00f3w mi\u0119dzynarodowych, zagro\u017cenie, zachowania mi\u0119dzygrupowe i to\u017csamo\u015b\u0107 (zobacz moj\u0105 stron\u0119 google scholar). Jestem pasjonatem nauczania i wprowadzania kultury do programu nauczania psychologii i dbam o metodologiczn\u0105 adekwatno\u015b\u0107 naszych bada\u0144 i narz\u0119dzi (tematy, na kt\u00f3re regularnie prowadz\u0119 warsztaty i szko\u0142y letnie).<\/p>\n<p>Wraz z Byronem Adamsem i wieloma wspania\u0142ymi wsp\u00f3\u0142pracownikami zredagowa\u0142em niedawno podr\u0119cznik Methods and Assessment in Culture and Psychology (Cambridge).<\/p>\n<p>Ceni\u0119 sobie wsp\u00f3\u0142prac\u0119, prac\u0119 w zespo\u0142ach i udost\u0119pnianie wiedzy naukowej ka\u017cdemu. Jestem redaktorem czasopisma Open Access Journal, Online Readings in Psychology and Culture i aktywnym cz\u0142onkiem Mi\u0119dzynarodowego Stowarzyszenia Psychologii Mi\u0119dzykulturowej (IACCP), Mi\u0119dzynarodowej Akademii Bada\u0144 Mi\u0119dzykulturowych (IAIR) oraz cz\u0142onkiem zarz\u0105du Centralnego Komitetu R\u00f3\u017cnorodno\u015bci Kulturowej i Psychologii Holenderskiego Instytutu Psycholog\u00f3w (Centrale commissie Culturele diversiteit en psychologie, NIP). Jestem r\u00f3wnie\u017c cz\u0142onkiem sta\u0142ej komisji rewizyjnej RGC Hong Kong<\/p>\n<p>Otrzyma\u0142em dofinansowanie z Unii Europejskiej (Marie Curie Fellowship, Erasmus + KA2), holenderskiego NWO (Comenius Teaching Fellowship), niemieckiego DAAD i Fundacji Jacobsa oraz Uniwersytetu w Tilburgu (bie\u017c\u0105ce projekty, patrz Projekty i granty).<\/p>\n<p>Linki:<\/p>\n<p>Strona g\u0142\u00f3wna: https:\/\/www.tilburguniversity.edu\/staff\/m-bender<\/p>\n<p>LinkedIn: https:\/\/www.linkedin.com\/in\/michael-bender-6b15b843\/<\/p>\n<p>Twitter: @_m_bender https:\/\/twitter.com\/_m_bender<\/p>\n<p>&nbsp;<\/p>\n<hr \/>\n<h2><img decoding=\"async\" class=\"size-medium wp-image-300 alignleft\" src=\"https:\/\/demo.ecilp.eu\/wp-content\/uploads\/2021\/06\/betina-300x255.png\" alt=\"\" width=\"300\" height=\"255\" srcset=\"https:\/\/demo.ecilp.eu\/wp-content\/uploads\/2021\/06\/betina-300x255.png 300w, https:\/\/demo.ecilp.eu\/wp-content\/uploads\/2021\/06\/betina.png 457w\" sizes=\"(max-width: 300px) 100vw, 300px\" \/><\/h2>\n<h2>Bettina Strewe, SIETAR Deutschland<\/h2>\n<p>Bettina Strewe, dr fil., studiowa\u0142a j\u0119zykoznawstwo, j\u0119zyki s\u0142owia\u0144skie i roma\u0144skie, edukacj\u0119, edukacj\u0119 doros\u0142ych i j\u0119zyk niemiecki jako j\u0119zyk obcy w Tybindze, Hamburgu, Bremie i Kaiserslautern (Niemcy), Petersburgu, Moskwie (Rosja), Kijowie (Ukraina) i Sofii (Bu\u0142garia). Naucza\u0142a i prowadzi\u0142a badania przez 15 lat, zanim rozpocz\u0119\u0142a prac\u0119 jako starszy mened\u017cer projekt\u00f3w mi\u0119dzynarodowych w prawie wszystkich krajach Europy Wschodniej i Azji \u015arodkowej. W imieniu rz\u0105du federalnego Niemiec wspiera\u0142a transformacj\u0119 struktur edukacji doros\u0142ych na miejscu, by\u0142a zaanga\u017cowana w ustanowienie krajowej ustawy o edukacji doros\u0142ych w Macedonii P\u00f3\u0142nocnej i bra\u0142a udzia\u0142 we wprowadzaniu Wsp\u00f3lnych Europejskich Ram Odniesienia (CERF) w krajach Europy Po\u0142udniowo-Wschodniej. Po powrocie do Niemiec za\u0142o\u017cy\u0142a InterKultOST, koncentruj\u0105c si\u0119 na opracowywaniu program\u00f3w nauczania dla studi\u00f3w mi\u0119dzykulturowych, a tak\u017ce na prowadzeniu szkole\u0144 mi\u0119dzykulturowych dla trener\u00f3w, naukowc\u00f3w, administracji i firm.<\/p>\n<p>Wi\u0119cej informacji na stronie https:\/\/bettina.strewe.de.<\/p>\n<hr \/>\n<p>Ursula opracowuje mi\u0119dzykulturowe interwencje edukacyjne, kt\u00f3re s\u0105 ewidentnie skuteczne. Wsp\u00f3\u0142pracowa\u0142a z organizacjami publicznymi i prywatnymi, takimi jak Asurion, Bosch, Daimler, DEG Deutsche Investitions- und Entwicklungshilfegesellschaft mbH, Ericsson, Essent, FellowMind, Peterson &amp; Control Union, RWE i Siemens Nederland N.V. W 2016 r. Ursula otrzyma\u0142a nagrod\u0119 Margaret D Pusch Founders Award przyznawan\u0105 przez SIETAR USA w uznaniu jej zaanga\u017cowania i s\u0142u\u017cby na rzecz relacji mi\u0119dzykulturowych. Przez sze\u015b\u0107 lat by\u0142a cz\u0142onkiem zarz\u0105du SIETAR Netherlands, a od kwietnia 2015 r. do kwietnia 2017 r. pe\u0142ni\u0142a funkcj\u0119 prezesa stowarzyszenia. Wraz z Oscarem van Weerdenburgiem opracowa\u0142a Test Gotowo\u015bci Mi\u0119dzykulturowej i opublikowa\u0142a Gotowo\u015b\u0107 Mi\u0119dzykulturow\u0105: Cztery kompetencje do pracy mi\u0119dzy kulturami (Palgrave). Ursula certyfikowa\u0142a ponad 600 profesjonalist\u00f3w i ponad 20 instytut\u00f3w szkolnictwa wy\u017cszego w Europie, obu Amerykach, Azji i Australii do pracy z Intercultural Readiness Check. Obecnie skupia si\u0119 na tym, w jaki spos\u00f3b zr\u00f3\u017cnicowane kulturowo zespo\u0142y mog\u0105 wykorzystywa\u0107 kompetencje Readiness do rozwi\u0105zywania problem\u00f3w, podejmowania lepszych decyzji i bycia bardziej innowacyjnymi.<\/p>\n<hr \/>\n<p>Oscar za\u0142o\u017cy\u0142 Intercultural Business Improvement, przekonany, \u017ce skupienie si\u0119 na r\u00f3\u017cnicach kulturowych musi i\u015b\u0107 w parze z uwag\u0105 na kompetencje potrzebne do radzenia sobie z nimi. Od samego pocz\u0105tku by\u0142 zaanga\u017cowany w szeroko zakrojone badania nad kompetencjami mi\u0119dzykulturowymi i ich znaczeniem dla firm dzia\u0142aj\u0105cych na arenie mi\u0119dzynarodowej. W 2014 r. wraz z Ursul\u0105 opublikowa\u0142 ksi\u0105\u017ck\u0119 Intercultural Readiness: Cztery kompetencje do pracy w r\u00f3\u017cnych kulturach (Palgrave). Oscar konsultowa\u0142 si\u0119 z wieloma firmami, w tym Vodafone, Royal Dutch Shell, HSBC, BASF, Pepsico, Daimler, ABN AMRO i PricewaterhouseCoopers. Opieraj\u0105c si\u0119 na wieloletnim do\u015bwiadczeniu, Oscar wspiera lider\u00f3w i zespo\u0142y w osi\u0105ganiu wi\u0119kszej skuteczno\u015bci w ich mi\u0119dzynarodowych rolach. Opieraj\u0105c si\u0119 na podej\u015bciu IBI Team Readiness, pomaga zr\u00f3\u017cnicowanym kulturowo zespo\u0142om rozwija\u0107 kompetencje potrzebne do rozwi\u0105zywania z\u0142o\u017conych problem\u00f3w, podejmowania lepszych decyzji i bycia bardziej innowacyjnymi.<\/p>\n<hr \/>\n<p><img decoding=\"async\" class=\" wp-image-439 alignleft\" src=\"https:\/\/demo.ecilp.eu\/wp-content\/uploads\/2021\/08\/rohmann-167x300.jpg\" alt=\"\" width=\"92\" height=\"165\" srcset=\"https:\/\/demo.ecilp.eu\/wp-content\/uploads\/2021\/08\/rohmann-167x300.jpg 167w, https:\/\/demo.ecilp.eu\/wp-content\/uploads\/2021\/08\/rohmann.jpg 300w\" sizes=\"(max-width: 92px) 100vw, 92px\" \/><\/p>\n<p>Anette Rohmann, FernUniversit\u00e4t w Hagen, Niemcy<\/p>\n<p>Anette Rohmann jest profesorem zwyczajnym psychologii spo\u0142eczno\u015bci na Wydziale Psychologii FernUniversit\u00e4t w Hagen w Niemczech. Jej praca koncentruje si\u0119 na relacjach mi\u0119dzykulturowych i akulturacji, kompetencjach mi\u0119dzykulturowych i szkoleniach mi\u0119dzykulturowych, interwencjach zmniejszaj\u0105cych uprzedzenia i promuj\u0105cych pozytywne relacje mi\u0119dzygrupowe oraz dzia\u0142aniach zbiorowych w kontek\u015bcie ochrony \u015brodowiska. Jest r\u00f3wnie\u017c zainteresowana tworzeniem owocnej wymiany mi\u0119dzy badaniami a praktyk\u0105 oraz promowaniem praktyki opartej na dowodach.<\/p>\n<p><a href=\"https:\/\/scholar.google.com\/citations?hl=en&amp;user=tDgF420AAAAJ\">Google Scholar Profile<\/a><\/p>\n<p><a href=\"https:\/\/www.fernuni-hagen.de\/community-psychology\/\">https:\/\/www.fernuni-hagen.de\/community-psychology\/<\/a><\/p>\n<p><a href=\"https:\/\/www.fernuni-hagen.de\/community-psychology\/team\/anette.rohmann.shtml\">https:\/\/www.fernuni-hagen.de\/community-psychology\/team\/anette.rohmann.shtml<\/a><\/p>\n<hr \/>\n<p><img decoding=\"async\" class=\"size-medium wp-image-440 alignleft\" src=\"https:\/\/demo.ecilp.eu\/wp-content\/uploads\/2021\/08\/Verena-Ohanian_ECILP_Website-240x300.jpg\" alt=\"\" width=\"240\" height=\"300\" srcset=\"https:\/\/demo.ecilp.eu\/wp-content\/uploads\/2021\/08\/Verena-Ohanian_ECILP_Website-240x300.jpg 240w, https:\/\/demo.ecilp.eu\/wp-content\/uploads\/2021\/08\/Verena-Ohanian_ECILP_Website-819x1024.jpg 819w, https:\/\/demo.ecilp.eu\/wp-content\/uploads\/2021\/08\/Verena-Ohanian_ECILP_Website-768x960.jpg 768w, https:\/\/demo.ecilp.eu\/wp-content\/uploads\/2021\/08\/Verena-Ohanian_ECILP_Website-1229x1536.jpg 1229w, https:\/\/demo.ecilp.eu\/wp-content\/uploads\/2021\/08\/Verena-Ohanian_ECILP_Website-1638x2048.jpg 1638w, https:\/\/demo.ecilp.eu\/wp-content\/uploads\/2021\/08\/Verena-Ohanian_ECILP_Website-scaled.jpg 2048w\" sizes=\"(max-width: 240px) 100vw, 240px\" \/><\/p>\n<p>Verena Ohanian, FernUniversitaet w Hagen, Niemcy<\/p>\n<p>Verena Ohanian jest pracownikiem naukowym i wyk\u0142adowc\u0105 w Katedrze Psychologii Spo\u0142eczno\u015bci na Uniwersytecie w Hagen w Niemczech. Jej praca koncentruje si\u0119 na interwencjach, kt\u00f3re promuj\u0105 pozytywne zmiany na poziomie indywidualnym i spo\u0142ecznym w odniesieniu do r\u00f3\u017cnorodno\u015bci. Zainteresowania badawcze Verenas dotycz\u0105 kompetencji mi\u0119dzykulturowych, skuteczno\u015bci interwencji w zakresie r\u00f3\u017cnorodno\u015bci, a tak\u017ce wymiany bada\u0144 i praktyki w zakresie szkole\u0144 mi\u0119dzykulturowych i praktyki opartej na dowodach. Pracuje r\u00f3wnie\u017c jako psycholog, trener emigrant\u00f3w i trener mi\u0119dzykulturowy w r\u00f3\u017cnych projektach (non-profit), wspieraj\u0105c ludzi w radzeniu sobie z wyzwaniami zwi\u0105zanymi ze wsp\u00f3\u0142prac\u0105 mi\u0119dzykulturow\u0105. Przed rozpocz\u0119ciem w\u0142asnych us\u0142ug szkoleniowych zarz\u0105dza\u0142a mi\u0119dzykulturowymi us\u0142ugami szkoleniowymi biura t\u0142umacze\u0144 w Hamburgu, wsp\u00f3\u0142pracuj\u0105c z niemieckimi firmami prowadz\u0105cymi interesy na ca\u0142ym \u015bwiecie.<\/p>\n<p>Linki:<\/p>\n<p>Strona g\u0142\u00f3wna: https:\/\/www.fernuni-hagen.de\/community-psychology\/team\/verena.ohanian.shtml<\/p>\n<p>LinkedIn: https:\/\/www.linkedin.com\/in\/verena-ohanian-piper-86481149?originalSubdomain=de<\/p>\n","protected":false},"excerpt":{"rendered":"<p>Michael Bender, Uniwersytet w Tilburgu, Holandia Jestem adiunktem na Wydziale Psychologii Spo\u0142ecznej na Uniwersytecie w Tilburgu, pracownikiem naukowym w Babylon, Centrum Bada\u0144 nad Spo\u0142ecze\u0144stwem Wielokulturowym na Uniwersytecie w Tilburgu oraz honorowym profesorem nadzwyczajnym w Szkole Psychologii w Gratia Christian College w Hongkongu w Chinach. W swojej pracy badam kultur\u0119, w szczeg\u00f3lno\u015bci akulturacj\u0119, przystosowanie student\u00f3w mi\u0119dzynarodowych,&hellip;&nbsp;<a href=\"https:\/\/demo.ecilp.eu\/pl\/individuals\/\" rel=\"bookmark\">Dowiedz si\u0119 wi\u0119cej &raquo;<span class=\"screen-reader-text\">Osoby fizyczne<\/span><\/a><\/p>\n","protected":false},"author":25,"featured_media":0,"parent":0,"menu_order":0,"comment_status":"closed","ping_status":"closed","template":"","meta":{"_et_pb_use_builder":"","_et_pb_old_content":"","_et_gb_content_width":"","neve_meta_sidebar":"full-width","neve_meta_container":"","neve_meta_enable_content_width":"on","neve_meta_content_width":100,"neve_meta_title_alignment":"","neve_meta_author_avatar":"","neve_post_elements_order":"","neve_meta_disable_header":"","neve_meta_disable_footer":"","neve_meta_disable_title":"","footnotes":""},"class_list":["post-434","page","type-page","status-publish","hentry"],"yoast_head":"<!-- This site is optimized with the Yoast SEO plugin v27.3 - https:\/\/yoast.com\/product\/yoast-seo-wordpress\/ -->\n<title>Osoby fizyczne - DEMO: ECILP<\/title>\n<meta name=\"robots\" content=\"index, follow, max-snippet:-1, max-image-preview:large, max-video-preview:-1\" \/>\n<link rel=\"canonical\" href=\"https:\/\/demo.ecilp.eu\/pl\/individuals\/\" \/>\n<meta property=\"og:locale\" content=\"pl_PL\" \/>\n<meta property=\"og:type\" content=\"article\" \/>\n<meta property=\"og:title\" content=\"Osoby fizyczne - DEMO: ECILP\" \/>\n<meta property=\"og:description\" content=\"Michael Bender, Uniwersytet w Tilburgu, Holandia Jestem adiunktem na Wydziale Psychologii Spo\u0142ecznej na Uniwersytecie w Tilburgu, pracownikiem naukowym w Babylon, Centrum Bada\u0144 nad Spo\u0142ecze\u0144stwem Wielokulturowym na Uniwersytecie w Tilburgu oraz honorowym profesorem nadzwyczajnym w Szkole Psychologii w Gratia Christian College w Hongkongu w Chinach. W swojej pracy badam kultur\u0119, w szczeg\u00f3lno\u015bci akulturacj\u0119, przystosowanie student\u00f3w mi\u0119dzynarodowych,&hellip;&nbsp;Dowiedz si\u0119 wi\u0119cej &raquo;Osoby fizyczne\" \/>\n<meta property=\"og:url\" content=\"https:\/\/demo.ecilp.eu\/pl\/individuals\/\" \/>\n<meta property=\"og:site_name\" content=\"DEMO: ECILP\" \/>\n<meta property=\"article:modified_time\" content=\"2025-11-18T07:30:20+00:00\" \/>\n<meta property=\"og:image\" content=\"https:\/\/demo.ecilp.eu\/wp-content\/uploads\/2021\/06\/Picture-Bender-255x300.jpg\" \/>\n<meta name=\"twitter:card\" content=\"summary_large_image\" \/>\n<meta name=\"twitter:label1\" content=\"Szacowany czas czytania\" \/>\n\t<meta name=\"twitter:data1\" content=\"5 minut\" \/>\n<script type=\"application\/ld+json\" class=\"yoast-schema-graph\">{\"@context\":\"https:\\\/\\\/schema.org\",\"@graph\":[{\"@type\":\"WebPage\",\"@id\":\"https:\\\/\\\/demo.ecilp.eu\\\/pl\\\/individuals\\\/\",\"url\":\"https:\\\/\\\/demo.ecilp.eu\\\/pl\\\/individuals\\\/\",\"name\":\"Osoby fizyczne - DEMO: ECILP\",\"isPartOf\":{\"@id\":\"https:\\\/\\\/demo.ecilp.eu\\\/pl\\\/#website\"},\"primaryImageOfPage\":{\"@id\":\"https:\\\/\\\/demo.ecilp.eu\\\/pl\\\/individuals\\\/#primaryimage\"},\"image\":{\"@id\":\"https:\\\/\\\/demo.ecilp.eu\\\/individuals\\\/#primaryimage\"},\"thumbnailUrl\":\"https:\\\/\\\/demo.ecilp.eu\\\/wp-content\\\/uploads\\\/2021\\\/06\\\/Picture-Bender-255x300.jpg\",\"datePublished\":\"2021-08-05T05:53:23+00:00\",\"dateModified\":\"2025-11-18T07:30:20+00:00\",\"breadcrumb\":{\"@id\":\"https:\\\/\\\/demo.ecilp.eu\\\/pl\\\/individuals\\\/#breadcrumb\"},\"inLanguage\":\"pl-PL\",\"potentialAction\":[{\"@type\":\"ReadAction\",\"target\":[[\"https:\\\/\\\/demo.ecilp.eu\\\/pl\\\/individuals\\\/\"]]}]},{\"@type\":\"ImageObject\",\"inLanguage\":\"pl-PL\",\"@id\":\"https:\\\/\\\/demo.ecilp.eu\\\/pl\\\/individuals\\\/#primaryimage\",\"url\":\"https:\\\/\\\/demo.ecilp.eu\\\/wp-content\\\/uploads\\\/2021\\\/06\\\/Picture-Bender-255x300.jpg\",\"contentUrl\":\"https:\\\/\\\/demo.ecilp.eu\\\/wp-content\\\/uploads\\\/2021\\\/06\\\/Picture-Bender-255x300.jpg\"},{\"@type\":\"BreadcrumbList\",\"@id\":\"https:\\\/\\\/demo.ecilp.eu\\\/pl\\\/individuals\\\/#breadcrumb\",\"itemListElement\":[{\"@type\":\"ListItem\",\"position\":1,\"name\":\"Home\",\"item\":\"https:\\\/\\\/demo.ecilp.eu\\\/pl\\\/\"},{\"@type\":\"ListItem\",\"position\":2,\"name\":\"Individuals\"}]},{\"@type\":\"WebSite\",\"@id\":\"https:\\\/\\\/demo.ecilp.eu\\\/pl\\\/#website\",\"url\":\"https:\\\/\\\/demo.ecilp.eu\\\/pl\\\/\",\"name\":\"ECILP\",\"description\":\"European Certificate for Intercultural Learning Professionals\",\"publisher\":{\"@id\":\"https:\\\/\\\/demo.ecilp.eu\\\/pl\\\/#organization\"},\"potentialAction\":[{\"@type\":\"SearchAction\",\"target\":{\"@type\":\"EntryPoint\",\"urlTemplate\":\"https:\\\/\\\/demo.ecilp.eu\\\/pl\\\/?s={search_term_string}\"},\"query-input\":{\"@type\":\"PropertyValueSpecification\",\"valueRequired\":true,\"valueName\":\"search_term_string\"}}],\"inLanguage\":\"pl-PL\"},{\"@type\":\"Organization\",\"@id\":\"https:\\\/\\\/demo.ecilp.eu\\\/pl\\\/#organization\",\"name\":\"ECILP Project\",\"url\":\"https:\\\/\\\/demo.ecilp.eu\\\/pl\\\/\",\"logo\":{\"@type\":\"ImageObject\",\"inLanguage\":\"pl-PL\",\"@id\":\"https:\\\/\\\/demo.ecilp.eu\\\/pl\\\/#\\\/schema\\\/logo\\\/image\\\/\",\"url\":\"https:\\\/\\\/demo.ecilp.eu\\\/wp-content\\\/uploads\\\/2021\\\/01\\\/logo-erasmus-e1580739907735.jpg\",\"contentUrl\":\"https:\\\/\\\/demo.ecilp.eu\\\/wp-content\\\/uploads\\\/2021\\\/01\\\/logo-erasmus-e1580739907735.jpg\",\"width\":300,\"height\":86,\"caption\":\"ECILP Project\"},\"image\":{\"@id\":\"https:\\\/\\\/demo.ecilp.eu\\\/pl\\\/#\\\/schema\\\/logo\\\/image\\\/\"}}]}<\/script>\n<!-- \/ Yoast SEO plugin. -->","yoast_head_json":{"title":"Osoby fizyczne - DEMO: ECILP","robots":{"index":"index","follow":"follow","max-snippet":"max-snippet:-1","max-image-preview":"max-image-preview:large","max-video-preview":"max-video-preview:-1"},"canonical":"https:\/\/demo.ecilp.eu\/pl\/individuals\/","og_locale":"pl_PL","og_type":"article","og_title":"Osoby fizyczne - DEMO: ECILP","og_description":"Michael Bender, Uniwersytet w Tilburgu, Holandia Jestem adiunktem na Wydziale Psychologii Spo\u0142ecznej na Uniwersytecie w Tilburgu, pracownikiem naukowym w Babylon, Centrum Bada\u0144 nad Spo\u0142ecze\u0144stwem Wielokulturowym na Uniwersytecie w Tilburgu oraz honorowym profesorem nadzwyczajnym w Szkole Psychologii w Gratia Christian College w Hongkongu w Chinach. W swojej pracy badam kultur\u0119, w szczeg\u00f3lno\u015bci akulturacj\u0119, przystosowanie student\u00f3w mi\u0119dzynarodowych,&hellip;&nbsp;Dowiedz si\u0119 wi\u0119cej &raquo;Osoby fizyczne","og_url":"https:\/\/demo.ecilp.eu\/pl\/individuals\/","og_site_name":"DEMO: ECILP","article_modified_time":"2025-11-18T07:30:20+00:00","og_image":[{"url":"https:\/\/demo.ecilp.eu\/wp-content\/uploads\/2021\/06\/Picture-Bender-255x300.jpg","type":"","width":"","height":""}],"twitter_card":"summary_large_image","twitter_misc":{"Szacowany czas czytania":"5 minut"},"schema":{"@context":"https:\/\/schema.org","@graph":[{"@type":"WebPage","@id":"https:\/\/demo.ecilp.eu\/pl\/individuals\/","url":"https:\/\/demo.ecilp.eu\/pl\/individuals\/","name":"Osoby fizyczne - DEMO: ECILP","isPartOf":{"@id":"https:\/\/demo.ecilp.eu\/pl\/#website"},"primaryImageOfPage":{"@id":"https:\/\/demo.ecilp.eu\/pl\/individuals\/#primaryimage"},"image":{"@id":"https:\/\/demo.ecilp.eu\/individuals\/#primaryimage"},"thumbnailUrl":"https:\/\/demo.ecilp.eu\/wp-content\/uploads\/2021\/06\/Picture-Bender-255x300.jpg","datePublished":"2021-08-05T05:53:23+00:00","dateModified":"2025-11-18T07:30:20+00:00","breadcrumb":{"@id":"https:\/\/demo.ecilp.eu\/pl\/individuals\/#breadcrumb"},"inLanguage":"pl-PL","potentialAction":[{"@type":"ReadAction","target":[["https:\/\/demo.ecilp.eu\/pl\/individuals\/"]]}]},{"@type":"ImageObject","inLanguage":"pl-PL","@id":"https:\/\/demo.ecilp.eu\/pl\/individuals\/#primaryimage","url":"https:\/\/demo.ecilp.eu\/wp-content\/uploads\/2021\/06\/Picture-Bender-255x300.jpg","contentUrl":"https:\/\/demo.ecilp.eu\/wp-content\/uploads\/2021\/06\/Picture-Bender-255x300.jpg"},{"@type":"BreadcrumbList","@id":"https:\/\/demo.ecilp.eu\/pl\/individuals\/#breadcrumb","itemListElement":[{"@type":"ListItem","position":1,"name":"Home","item":"https:\/\/demo.ecilp.eu\/pl\/"},{"@type":"ListItem","position":2,"name":"Individuals"}]},{"@type":"WebSite","@id":"https:\/\/demo.ecilp.eu\/pl\/#website","url":"https:\/\/demo.ecilp.eu\/pl\/","name":"ECILP","description":"European Certificate for Intercultural Learning Professionals","publisher":{"@id":"https:\/\/demo.ecilp.eu\/pl\/#organization"},"potentialAction":[{"@type":"SearchAction","target":{"@type":"EntryPoint","urlTemplate":"https:\/\/demo.ecilp.eu\/pl\/?s={search_term_string}"},"query-input":{"@type":"PropertyValueSpecification","valueRequired":true,"valueName":"search_term_string"}}],"inLanguage":"pl-PL"},{"@type":"Organization","@id":"https:\/\/demo.ecilp.eu\/pl\/#organization","name":"ECILP Project","url":"https:\/\/demo.ecilp.eu\/pl\/","logo":{"@type":"ImageObject","inLanguage":"pl-PL","@id":"https:\/\/demo.ecilp.eu\/pl\/#\/schema\/logo\/image\/","url":"https:\/\/demo.ecilp.eu\/wp-content\/uploads\/2021\/01\/logo-erasmus-e1580739907735.jpg","contentUrl":"https:\/\/demo.ecilp.eu\/wp-content\/uploads\/2021\/01\/logo-erasmus-e1580739907735.jpg","width":300,"height":86,"caption":"ECILP Project"},"image":{"@id":"https:\/\/demo.ecilp.eu\/pl\/#\/schema\/logo\/image\/"}}]}},"_links":{"self":[{"href":"https:\/\/demo.ecilp.eu\/pl\/wp-json\/wp\/v2\/pages\/434","targetHints":{"allow":["GET"]}}],"collection":[{"href":"https:\/\/demo.ecilp.eu\/pl\/wp-json\/wp\/v2\/pages"}],"about":[{"href":"https:\/\/demo.ecilp.eu\/pl\/wp-json\/wp\/v2\/types\/page"}],"author":[{"embeddable":true,"href":"https:\/\/demo.ecilp.eu\/pl\/wp-json\/wp\/v2\/users\/25"}],"replies":[{"embeddable":true,"href":"https:\/\/demo.ecilp.eu\/pl\/wp-json\/wp\/v2\/comments?post=434"}],"version-history":[{"count":11,"href":"https:\/\/demo.ecilp.eu\/pl\/wp-json\/wp\/v2\/pages\/434\/revisions"}],"predecessor-version":[{"id":549,"href":"https:\/\/demo.ecilp.eu\/pl\/wp-json\/wp\/v2\/pages\/434\/revisions\/549"}],"wp:attachment":[{"href":"https:\/\/demo.ecilp.eu\/pl\/wp-json\/wp\/v2\/media?parent=434"}],"curies":[{"name":"wp","href":"https:\/\/api.w.org\/{rel}","templated":true}]}}